{"id":8,"date":"2016-07-07T08:48:07","date_gmt":"2016-07-07T06:48:07","guid":{"rendered":"http:\/\/vaniaetjulien.com\/?page_id=8"},"modified":"2016-07-13T17:59:12","modified_gmt":"2016-07-13T15:59:12","slug":"dejeuner","status":"publish","type":"page","link":"https:\/\/www.vaniaetjulien.com\/pb\/dejeuner\/","title":{"rendered":"Almo\u00e7o"},"content":{"rendered":"<p>O almo\u00e7o foi na Churrascaria Jatob\u00e1 em Indaiatuba. Toda a decora\u00e7\u00e3o e montagem foi feita pela V\u00e2nia. O lindo bolo e os deliciosos docinhos, eram da Mel Scheib Cakes &amp; Sweets, em Indaiatuba (<a href=\"http:\/\/migre.me\/uh0XJ\" target=\"_blank\">http:\/\/migre.me\/uh0XJ<\/a>). A maioria das fotos foram tiradas pelo Thiago, primo da V\u00e2nia.<\/p>\n<div class=\"gallery-one-wrapper s-masonry-view-wrapper\"\">\n       <div class=\"gallery-one s-masonry-view sg-l-5 sg-m-2 sg-s-1\" data-gutter=\"5\" data-columns=\"5\" data-m-columns=\"2\" data-s-columns=\"1\" data-lightbox=\"1\">\n                    <div class=\"media-item\">\n                <div class=\"thumb\">\n                    <a href=\"https:\/\/www.vaniaetjulien.com\/wp-content\/uploads\/IMG_8827.jpg\"><img decoding=\"async\" src=\"https:\/\/www.vaniaetjulien.com\/wp-content\/uploads\/IMG_8827-300x200.jpg\" alt=\"\"><div class=\"overlay\"><span class=\"search\"><\/span><\/div><\/a>\n                <\/div>\n            <\/div>\n                        <div class=\"media-item\">\n                <div class=\"thumb\">\n                    <a href=\"https:\/\/www.vaniaetjulien.com\/wp-content\/uploads\/IMG_8829.jpg\"><img decoding=\"async\" src=\"https:\/\/www.vaniaetjulien.com\/wp-content\/uploads\/IMG_8829-300x200.jpg\" alt=\"\"><div class=\"overlay\"><span class=\"search\"><\/span><\/div><\/a>\n                <\/div>\n            <\/div>\n                        <div class=\"media-item\">\n                <div class=\"thumb\">\n                    <a href=\"https:\/\/www.vaniaetjulien.com\/wp-content\/uploads\/IMG_8832.jpg\"><img decoding=\"async\" src=\"https:\/\/www.vaniaetjulien.com\/wp-content\/uploads\/IMG_8832-300x200.jpg\" alt=\"\"><div class=\"overlay\"><span class=\"search\"><\/span><\/div><\/a>\n                <\/div>\n            <\/div>\n                        <div class=\"media-item\">\n                <div class=\"thumb\">\n                    <a href=\"https:\/\/www.vaniaetjulien.com\/wp-content\/uploads\/IMG_8835.jpg\"><img decoding=\"async\" src=\"https:\/\/www.vaniaetjulien.com\/wp-content\/uploads\/IMG_8835-300x200.jpg\" alt=\"\"><div class=\"overlay\"><span class=\"search\"><\/span><\/div><\/a>\n                <\/div>\n            <\/div>\n                        <div class=\"media-item\">\n                <div class=\"thumb\">\n                    <a href=\"https:\/\/www.vaniaetjulien.com\/wp-content\/uploads\/IMG_8844.jpg\"><img decoding=\"async\" src=\"https:\/\/www.vaniaetjulien.com\/wp-content\/uploads\/IMG_8844-300x200.jpg\" alt=\"\"><div class=\"overlay\"><span class=\"search\"><\/span><\/div><\/a>\n                <\/div>\n            <\/div>\n                        <div class=\"media-item\">\n                <div class=\"thumb\">\n                    <a href=\"https:\/\/www.vaniaetjulien.com\/wp-content\/uploads\/IMG_8855.jpg\"><img decoding=\"async\" src=\"https:\/\/www.vaniaetjulien.com\/wp-content\/uploads\/IMG_8855-300x200.jpg\" alt=\"\"><div class=\"overlay\"><span class=\"search\"><\/span><\/div><\/a>\n                <\/div>\n            <\/div>\n                        <div class=\"media-item\">\n                <div class=\"thumb\">\n                    <a href=\"https:\/\/www.vaniaetjulien.com\/wp-content\/uploads\/IMG-20160605-WA0001.jpg\"><img decoding=\"async\" src=\"https:\/\/www.vaniaetjulien.com\/wp-content\/uploads\/IMG-20160605-WA0001-300x225.jpg\" alt=\"\"><div class=\"overlay\"><span class=\"search\"><\/span><\/div><\/a>\n                <\/div>\n            <\/div>\n                        <div class=\"media-item\">\n                <div class=\"thumb\">\n                    <a href=\"https:\/\/www.vaniaetjulien.com\/wp-content\/uploads\/SDC11843.jpg\"><img decoding=\"async\" src=\"https:\/\/www.vaniaetjulien.com\/wp-content\/uploads\/SDC11843-278x300.jpg\" alt=\"\"><div class=\"overlay\"><span class=\"search\"><\/span><\/div><\/a>\n                <\/div>\n            <\/div>\n                        <div class=\"media-item\">\n                <div class=\"thumb\">\n                    <a href=\"https:\/\/www.vaniaetjulien.com\/wp-content\/uploads\/SDC11842.jpg\"><img decoding=\"async\" src=\"https:\/\/www.vaniaetjulien.com\/wp-content\/uploads\/SDC11842-300x268.jpg\" alt=\"\"><div class=\"overlay\"><span class=\"search\"><\/span><\/div><\/a>\n                <\/div>\n            <\/div>\n                        <div class=\"media-item\">\n                <div class=\"thumb\">\n                    <a href=\"https:\/\/www.vaniaetjulien.com\/wp-content\/uploads\/SDC11840.jpg\"><img decoding=\"async\" src=\"https:\/\/www.vaniaetjulien.com\/wp-content\/uploads\/SDC11840-300x225.jpg\" alt=\"\"><div class=\"overlay\"><span class=\"search\"><\/span><\/div><\/a>\n                <\/div>\n            <\/div>\n                        <div class=\"media-item\">\n                <div class=\"thumb\">\n                    <a href=\"https:\/\/www.vaniaetjulien.com\/wp-content\/uploads\/IMG_8848.jpg\"><img decoding=\"async\" src=\"https:\/\/www.vaniaetjulien.com\/wp-content\/uploads\/IMG_8848-300x200.jpg\" alt=\"\"><div class=\"overlay\"><span class=\"search\"><\/span><\/div><\/a>\n                <\/div>\n            <\/div>\n                        <div class=\"media-item\">\n                <div class=\"thumb\">\n                    <a href=\"https:\/\/www.vaniaetjulien.com\/wp-content\/uploads\/IMG_8850.jpg\"><img decoding=\"async\" src=\"https:\/\/www.vaniaetjulien.com\/wp-content\/uploads\/IMG_8850-300x200.jpg\" alt=\"\"><div class=\"overlay\"><span class=\"search\"><\/span><\/div><\/a>\n                <\/div>\n            <\/div>\n                        <div class=\"media-item\">\n                <div class=\"thumb\">\n                    <a href=\"https:\/\/www.vaniaetjulien.com\/wp-content\/uploads\/IMG_8853.jpg\"><img decoding=\"async\" src=\"https:\/\/www.vaniaetjulien.com\/wp-content\/uploads\/IMG_8853-300x200.jpg\" alt=\"\"><div class=\"overlay\"><span class=\"search\"><\/span><\/div><\/a>\n                <\/div>\n            <\/div>\n                        <div class=\"media-item\">\n                <div class=\"thumb\">\n                    <a href=\"https:\/\/www.vaniaetjulien.com\/wp-content\/uploads\/IMG_8856.jpg\"><img decoding=\"async\" src=\"https:\/\/www.vaniaetjulien.com\/wp-content\/uploads\/IMG_8856-300x200.jpg\" alt=\"\"><div class=\"overlay\"><span class=\"search\"><\/span><\/div><\/a>\n                <\/div>\n            <\/div>\n                        <div class=\"media-item\">\n                <div class=\"thumb\">\n                    <a href=\"https:\/\/www.vaniaetjulien.com\/wp-content\/uploads\/IMG_8860.jpg\"><img decoding=\"async\" src=\"https:\/\/www.vaniaetjulien.com\/wp-content\/uploads\/IMG_8860-300x200.jpg\" alt=\"\"><div class=\"overlay\"><span class=\"search\"><\/span><\/div><\/a>\n                <\/div>\n            <\/div>\n                        <div class=\"media-item\">\n                <div class=\"thumb\">\n                    <a href=\"https:\/\/www.vaniaetjulien.com\/wp-content\/uploads\/IMG-20160605-WA0000.jpg\"><img decoding=\"async\" src=\"https:\/\/www.vaniaetjulien.com\/wp-content\/uploads\/IMG-20160605-WA0000-225x300.jpg\" alt=\"\"><div class=\"overlay\"><span class=\"search\"><\/span><\/div><\/a>\n                <\/div>\n            <\/div>\n                        <div class=\"media-item\">\n                <div class=\"thumb\">\n                    <a href=\"https:\/\/www.vaniaetjulien.com\/wp-content\/uploads\/IMG_8862.jpg\"><img decoding=\"async\" src=\"https:\/\/www.vaniaetjulien.com\/wp-content\/uploads\/IMG_8862-300x200.jpg\" alt=\"\"><div class=\"overlay\"><span class=\"search\"><\/span><\/div><\/a>\n                <\/div>\n            <\/div>\n                        <div class=\"media-item\">\n                <div class=\"thumb\">\n                    <a href=\"https:\/\/www.vaniaetjulien.com\/wp-content\/uploads\/IMG_8863.jpg\"><img decoding=\"async\" src=\"https:\/\/www.vaniaetjulien.com\/wp-content\/uploads\/IMG_8863-300x200.jpg\" alt=\"\"><div class=\"overlay\"><span class=\"search\"><\/span><\/div><\/a>\n                <\/div>\n            <\/div>\n                        <div class=\"media-item\">\n                <div class=\"thumb\">\n                    <a href=\"https:\/\/www.vaniaetjulien.com\/wp-content\/uploads\/IMG_8864.jpg\"><img decoding=\"async\" src=\"https:\/\/www.vaniaetjulien.com\/wp-content\/uploads\/IMG_8864-300x200.jpg\" alt=\"\"><div class=\"overlay\"><span class=\"search\"><\/span><\/div><\/a>\n                <\/div>\n            <\/div>\n                        <div class=\"media-item\">\n                <div class=\"thumb\">\n                    <a href=\"https:\/\/www.vaniaetjulien.com\/wp-content\/uploads\/IMG_8867.jpg\"><img decoding=\"async\" src=\"https:\/\/www.vaniaetjulien.com\/wp-content\/uploads\/IMG_8867-200x300.jpg\" alt=\"\"><div class=\"overlay\"><span class=\"search\"><\/span><\/div><\/a>\n                <\/div>\n            <\/div>\n                        <div class=\"media-item\">\n                <div class=\"thumb\">\n                    <a href=\"https:\/\/www.vaniaetjulien.com\/wp-content\/uploads\/IMG-20160605-WA0008.jpg\"><img decoding=\"async\" src=\"https:\/\/www.vaniaetjulien.com\/wp-content\/uploads\/IMG-20160605-WA0008-225x300.jpg\" alt=\"\"><div class=\"overlay\"><span class=\"search\"><\/span><\/div><\/a>\n                <\/div>\n            <\/div>\n                        <div class=\"media-item\">\n                <div class=\"thumb\">\n                    <a href=\"https:\/\/www.vaniaetjulien.com\/wp-content\/uploads\/IMG_8876.jpg\"><img decoding=\"async\" src=\"https:\/\/www.vaniaetjulien.com\/wp-content\/uploads\/IMG_8876-300x200.jpg\" alt=\"\"><div class=\"overlay\"><span class=\"search\"><\/span><\/div><\/a>\n                <\/div>\n            <\/div>\n                        <div class=\"media-item\">\n                <div class=\"thumb\">\n                    <a href=\"https:\/\/www.vaniaetjulien.com\/wp-content\/uploads\/IMG_8877.jpg\"><img decoding=\"async\" src=\"https:\/\/www.vaniaetjulien.com\/wp-content\/uploads\/IMG_8877-300x200.jpg\" alt=\"\"><div class=\"overlay\"><span class=\"search\"><\/span><\/div><\/a>\n                <\/div>\n            <\/div>\n                        <div class=\"media-item\">\n                <div class=\"thumb\">\n                    <a href=\"https:\/\/www.vaniaetjulien.com\/wp-content\/uploads\/IMG_8879.jpg\"><img decoding=\"async\" src=\"https:\/\/www.vaniaetjulien.com\/wp-content\/uploads\/IMG_8879-200x300.jpg\" alt=\"\"><div class=\"overlay\"><span class=\"search\"><\/span><\/div><\/a>\n                <\/div>\n            <\/div>\n                        <div class=\"media-item\">\n                <div class=\"thumb\">\n                    <a href=\"https:\/\/www.vaniaetjulien.com\/wp-content\/uploads\/IMG_8880.jpg\"><img decoding=\"async\" src=\"https:\/\/www.vaniaetjulien.com\/wp-content\/uploads\/IMG_8880-300x200.jpg\" alt=\"\"><div class=\"overlay\"><span class=\"search\"><\/span><\/div><\/a>\n                <\/div>\n            <\/div>\n                        <div class=\"media-item\">\n                <div class=\"thumb\">\n                    <a href=\"https:\/\/www.vaniaetjulien.com\/wp-content\/uploads\/IMG_8882.jpg\"><img decoding=\"async\" src=\"https:\/\/www.vaniaetjulien.com\/wp-content\/uploads\/IMG_8882-300x200.jpg\" alt=\"\"><div class=\"overlay\"><span class=\"search\"><\/span><\/div><\/a>\n                <\/div>\n            <\/div>\n                        <div class=\"media-item\">\n                <div class=\"thumb\">\n                    <a href=\"https:\/\/www.vaniaetjulien.com\/wp-content\/uploads\/IMG_8887.jpg\"><img decoding=\"async\" src=\"https:\/\/www.vaniaetjulien.com\/wp-content\/uploads\/IMG_8887-300x200.jpg\" alt=\"\"><div class=\"overlay\"><span class=\"search\"><\/span><\/div><\/a>\n                <\/div>\n            <\/div>\n                <\/div>\n<\/div>\n<p><code><script type=\"text\/javascript\">jQuery(window).on('load', function(){jQuery(window).resize();});<\/script><\/code><\/p>","protected":false},"excerpt":{"rendered":"<p>O almo\u00e7o foi na Churrascaria Jatob\u00e1 em Indaiatuba. Toda a decora\u00e7\u00e3o e montagem foi feita pela V\u00e2nia. O lindo bolo e os deliciosos docinhos, eram da Mel Scheib Cakes &amp; Sweets, em Indaiatuba (http:\/\/migre.me\/uh0XJ). A maioria das fotos foram tiradas pelo Thiago, primo da V\u00e2nia.<\/p>\n","protected":false},"author":1,"featured_media":0,"parent":0,"menu_order":0,"comment_status":"closed","ping_status":"closed","template":"page-fullwidth.php","meta":{"footnotes":""},"class_list":["post-8","page","type-page","status-publish","hentry"],"_links":{"self":[{"href":"https:\/\/www.vaniaetjulien.com\/pb\/wp-json\/wp\/v2\/pages\/8","targetHints":{"allow":["GET"]}}],"collection":[{"href":"https:\/\/www.vaniaetjulien.com\/pb\/wp-json\/wp\/v2\/pages"}],"about":[{"href":"https:\/\/www.vaniaetjulien.com\/pb\/wp-json\/wp\/v2\/types\/page"}],"author":[{"embeddable":true,"href":"https:\/\/www.vaniaetjulien.com\/pb\/wp-json\/wp\/v2\/users\/1"}],"replies":[{"embeddable":true,"href":"https:\/\/www.vaniaetjulien.com\/pb\/wp-json\/wp\/v2\/comments?post=8"}],"version-history":[{"count":20,"href":"https:\/\/www.vaniaetjulien.com\/pb\/wp-json\/wp\/v2\/pages\/8\/revisions"}],"predecessor-version":[{"id":274,"href":"https:\/\/www.vaniaetjulien.com\/pb\/wp-json\/wp\/v2\/pages\/8\/revisions\/274"}],"wp:attachment":[{"href":"https:\/\/www.vaniaetjulien.com\/pb\/wp-json\/wp\/v2\/media?parent=8"}],"curies":[{"name":"wp","href":"https:\/\/api.w.org\/{rel}","templated":true}]}}