{"id":6,"date":"2016-07-07T08:47:19","date_gmt":"2016-07-07T06:47:19","guid":{"rendered":"http:\/\/vaniaetjulien.com\/?page_id=6"},"modified":"2016-10-19T13:43:14","modified_gmt":"2016-10-19T15:43:14","slug":"ceremonie-civile","status":"publish","type":"page","link":"https:\/\/www.vaniaetjulien.com\/pb\/ceremonie-civile\/","title":{"rendered":"Cerim\u00f4nia Civil"},"content":{"rendered":"<p>A cerim\u00f4nia civil foi no dia 4 de junho de 2016 no cart\u00f3rio civil de Indaiatuba na presen\u00e7a da fam\u00edlia da V\u00e2nia. Agradecemos nossas testemunhas Terezinha, Rafael, Priscila e Leandro. Agradecemos tamb\u00e9m a nossa int\u00e9rprete de franc\u00eas Heloisa Piccolotto, de Campinas. As fotos tamb\u00e9m foram tiradas pelo Wagner, da Nova Foto Indaiatuba.<\/p>\n<div class=\"gallery-one-wrapper s-masonry-view-wrapper\"\">\n       <div class=\"gallery-one s-masonry-view sg-l-5 sg-m-2 sg-s-1\" data-gutter=\"5\" data-columns=\"5\" data-m-columns=\"2\" data-s-columns=\"1\" data-lightbox=\"1\">\n                    <div class=\"media-item\">\n                <div class=\"thumb\">\n                    <a href=\"https:\/\/www.vaniaetjulien.com\/wp-content\/uploads\/vania-e-julien-337_27797694142_o.jpg\"><img decoding=\"async\" src=\"https:\/\/www.vaniaetjulien.com\/wp-content\/uploads\/vania-e-julien-337_27797694142_o-200x300.jpg\" alt=\"\"><div class=\"overlay\"><span class=\"search\"><\/span><\/div><\/a>\n                <\/div>\n            <\/div>\n                        <div class=\"media-item\">\n                <div class=\"thumb\">\n                    <a href=\"https:\/\/www.vaniaetjulien.com\/wp-content\/uploads\/vania-e-julien-338_27822481851_o.jpg\"><img decoding=\"async\" src=\"https:\/\/www.vaniaetjulien.com\/wp-content\/uploads\/vania-e-julien-338_27822481851_o-200x300.jpg\" alt=\"\"><div class=\"overlay\"><span class=\"search\"><\/span><\/div><\/a>\n                <\/div>\n            <\/div>\n                        <div class=\"media-item\">\n                <div class=\"thumb\">\n                    <a href=\"https:\/\/www.vaniaetjulien.com\/wp-content\/uploads\/vania-e-julien-341_27620766740_o.jpg\"><img decoding=\"async\" src=\"https:\/\/www.vaniaetjulien.com\/wp-content\/uploads\/vania-e-julien-341_27620766740_o-200x300.jpg\" alt=\"\"><div class=\"overlay\"><span class=\"search\"><\/span><\/div><\/a>\n                <\/div>\n            <\/div>\n                        <div class=\"media-item\">\n                <div class=\"thumb\">\n                    <a href=\"https:\/\/www.vaniaetjulien.com\/wp-content\/uploads\/vania-e-julien-342_27286750244_o.jpg\"><img decoding=\"async\" src=\"https:\/\/www.vaniaetjulien.com\/wp-content\/uploads\/vania-e-julien-342_27286750244_o-200x300.jpg\" alt=\"\"><div class=\"overlay\"><span class=\"search\"><\/span><\/div><\/a>\n                <\/div>\n            <\/div>\n                        <div class=\"media-item\">\n                <div class=\"thumb\">\n                    <a href=\"https:\/\/www.vaniaetjulien.com\/wp-content\/uploads\/vania-e-julien-347_27620492060_o.jpg\"><img decoding=\"async\" src=\"https:\/\/www.vaniaetjulien.com\/wp-content\/uploads\/vania-e-julien-347_27620492060_o-300x200.jpg\" alt=\"\"><div class=\"overlay\"><span class=\"search\"><\/span><\/div><\/a>\n                <\/div>\n            <\/div>\n                        <div class=\"media-item\">\n                <div class=\"thumb\">\n                    <a href=\"https:\/\/www.vaniaetjulien.com\/wp-content\/uploads\/vania-e-julien-348_27822488331_o.jpg\"><img decoding=\"async\" src=\"https:\/\/www.vaniaetjulien.com\/wp-content\/uploads\/vania-e-julien-348_27822488331_o-300x200.jpg\" alt=\"\"><div class=\"overlay\"><span class=\"search\"><\/span><\/div><\/a>\n                <\/div>\n            <\/div>\n                        <div class=\"media-item\">\n                <div class=\"thumb\">\n                    <a href=\"https:\/\/www.vaniaetjulien.com\/wp-content\/uploads\/vania-e-julien-349_27286753394_o.jpg\"><img decoding=\"async\" src=\"https:\/\/www.vaniaetjulien.com\/wp-content\/uploads\/vania-e-julien-349_27286753394_o-228x300.jpg\" alt=\"\"><div class=\"overlay\"><span class=\"search\"><\/span><\/div><\/a>\n                <\/div>\n            <\/div>\n                        <div class=\"media-item\">\n                <div class=\"thumb\">\n                    <a href=\"https:\/\/www.vaniaetjulien.com\/wp-content\/uploads\/vania-e-julien-352_27822490481_o.jpg\"><img decoding=\"async\" src=\"https:\/\/www.vaniaetjulien.com\/wp-content\/uploads\/vania-e-julien-352_27822490481_o-300x200.jpg\" alt=\"\"><div class=\"overlay\"><span class=\"search\"><\/span><\/div><\/a>\n                <\/div>\n            <\/div>\n                        <div class=\"media-item\">\n                <div class=\"thumb\">\n                    <a href=\"https:\/\/www.vaniaetjulien.com\/wp-content\/uploads\/vania-e-julien-361_27822496081_o.jpg\"><img decoding=\"async\" src=\"https:\/\/www.vaniaetjulien.com\/wp-content\/uploads\/vania-e-julien-361_27822496081_o-200x300.jpg\" alt=\"\"><div class=\"overlay\"><span class=\"search\"><\/span><\/div><\/a>\n                <\/div>\n            <\/div>\n                        <div class=\"media-item\">\n                <div class=\"thumb\">\n                    <a href=\"https:\/\/www.vaniaetjulien.com\/wp-content\/uploads\/vania-e-julien-362_27797703772_o.jpg\"><img decoding=\"async\" src=\"https:\/\/www.vaniaetjulien.com\/wp-content\/uploads\/vania-e-julien-362_27797703772_o-200x300.jpg\" alt=\"\"><div class=\"overlay\"><span class=\"search\"><\/span><\/div><\/a>\n                <\/div>\n            <\/div>\n                        <div class=\"media-item\">\n                <div class=\"thumb\">\n                    <a href=\"https:\/\/www.vaniaetjulien.com\/wp-content\/uploads\/vania-e-julien-368_27620781670_o.jpg\"><img decoding=\"async\" src=\"https:\/\/www.vaniaetjulien.com\/wp-content\/uploads\/vania-e-julien-368_27620781670_o-300x200.jpg\" alt=\"\"><div class=\"overlay\"><span class=\"search\"><\/span><\/div><\/a>\n                <\/div>\n            <\/div>\n                        <div class=\"media-item\">\n                <div class=\"thumb\">\n                    <a href=\"https:\/\/www.vaniaetjulien.com\/wp-content\/uploads\/vania-e-julien-371_27620783530_o.jpg\"><img decoding=\"async\" src=\"https:\/\/www.vaniaetjulien.com\/wp-content\/uploads\/vania-e-julien-371_27620783530_o-300x200.jpg\" alt=\"\"><div class=\"overlay\"><span class=\"search\"><\/span><\/div><\/a>\n                <\/div>\n            <\/div>\n                        <div class=\"media-item\">\n                <div class=\"thumb\">\n                    <a href=\"https:\/\/www.vaniaetjulien.com\/wp-content\/uploads\/vania-e-julien-375_27864081436_o.jpg\"><img decoding=\"async\" src=\"https:\/\/www.vaniaetjulien.com\/wp-content\/uploads\/vania-e-julien-375_27864081436_o-200x300.jpg\" alt=\"\"><div class=\"overlay\"><span class=\"search\"><\/span><\/div><\/a>\n                <\/div>\n            <\/div>\n                        <div class=\"media-item\">\n                <div class=\"thumb\">\n                    <a href=\"https:\/\/www.vaniaetjulien.com\/wp-content\/uploads\/vania-e-julien-376_27286452353_o.jpg\"><img decoding=\"async\" src=\"https:\/\/www.vaniaetjulien.com\/wp-content\/uploads\/vania-e-julien-376_27286452353_o-300x200.jpg\" alt=\"\"><div class=\"overlay\"><span class=\"search\"><\/span><\/div><\/a>\n                <\/div>\n            <\/div>\n                        <div class=\"media-item\">\n                <div class=\"thumb\">\n                    <a href=\"https:\/\/www.vaniaetjulien.com\/wp-content\/uploads\/vania-e-julien-380_27620491150_o.jpg\"><img decoding=\"async\" src=\"https:\/\/www.vaniaetjulien.com\/wp-content\/uploads\/vania-e-julien-380_27620491150_o-300x200.jpg\" alt=\"\"><div class=\"overlay\"><span class=\"search\"><\/span><\/div><\/a>\n                <\/div>\n            <\/div>\n                        <div class=\"media-item\">\n                <div class=\"thumb\">\n                    <a href=\"https:\/\/www.vaniaetjulien.com\/wp-content\/uploads\/vania-e-julien-387_27286456603_o.jpg\"><img decoding=\"async\" src=\"https:\/\/www.vaniaetjulien.com\/wp-content\/uploads\/vania-e-julien-387_27286456603_o-300x200.jpg\" alt=\"\"><div class=\"overlay\"><span class=\"search\"><\/span><\/div><\/a>\n                <\/div>\n            <\/div>\n                        <div class=\"media-item\">\n                <div class=\"thumb\">\n                    <a href=\"https:\/\/www.vaniaetjulien.com\/wp-content\/uploads\/vania-e-julien-390_27797724832_o.jpg\"><img decoding=\"async\" src=\"https:\/\/www.vaniaetjulien.com\/wp-content\/uploads\/vania-e-julien-390_27797724832_o-300x200.jpg\" alt=\"\"><div class=\"overlay\"><span class=\"search\"><\/span><\/div><\/a>\n                <\/div>\n            <\/div>\n                        <div class=\"media-item\">\n                <div class=\"thumb\">\n                    <a href=\"https:\/\/www.vaniaetjulien.com\/wp-content\/uploads\/vania-e-julien-391_27864099556_o.jpg\"><img decoding=\"async\" src=\"https:\/\/www.vaniaetjulien.com\/wp-content\/uploads\/vania-e-julien-391_27864099556_o-300x200.jpg\" alt=\"\"><div class=\"overlay\"><span class=\"search\"><\/span><\/div><\/a>\n                <\/div>\n            <\/div>\n                        <div class=\"media-item\">\n                <div class=\"thumb\">\n                    <a href=\"https:\/\/www.vaniaetjulien.com\/wp-content\/uploads\/vania-e-julien-397_27620793690_o.jpg\"><img decoding=\"async\" src=\"https:\/\/www.vaniaetjulien.com\/wp-content\/uploads\/vania-e-julien-397_27620793690_o-300x200.jpg\" alt=\"\"><div class=\"overlay\"><span class=\"search\"><\/span><\/div><\/a>\n                <\/div>\n            <\/div>\n                        <div class=\"media-item\">\n                <div class=\"thumb\">\n                    <a href=\"https:\/\/www.vaniaetjulien.com\/wp-content\/uploads\/vania-e-julien-400_27797735572_o.jpg\"><img decoding=\"async\" src=\"https:\/\/www.vaniaetjulien.com\/wp-content\/uploads\/vania-e-julien-400_27797735572_o-300x200.jpg\" alt=\"\"><div class=\"overlay\"><span class=\"search\"><\/span><\/div><\/a>\n                <\/div>\n            <\/div>\n                        <div class=\"media-item\">\n                <div class=\"thumb\">\n                    <a href=\"https:\/\/www.vaniaetjulien.com\/wp-content\/uploads\/vania-e-julien-405_27797740122_o.jpg\"><img decoding=\"async\" src=\"https:\/\/www.vaniaetjulien.com\/wp-content\/uploads\/vania-e-julien-405_27797740122_o-300x200.jpg\" alt=\"\"><div class=\"overlay\"><span class=\"search\"><\/span><\/div><\/a>\n                <\/div>\n            <\/div>\n                        <div class=\"media-item\">\n                <div class=\"thumb\">\n                    <a href=\"https:\/\/www.vaniaetjulien.com\/wp-content\/uploads\/vania-e-julien-408_27286792774_o.jpg\"><img decoding=\"async\" src=\"https:\/\/www.vaniaetjulien.com\/wp-content\/uploads\/vania-e-julien-408_27286792774_o-300x200.jpg\" alt=\"\"><div class=\"overlay\"><span class=\"search\"><\/span><\/div><\/a>\n                <\/div>\n            <\/div>\n                        <div class=\"media-item\">\n                <div class=\"thumb\">\n                    <a href=\"https:\/\/www.vaniaetjulien.com\/wp-content\/uploads\/vania-e-julien-410_27286793584_o.jpg\"><img decoding=\"async\" src=\"https:\/\/www.vaniaetjulien.com\/wp-content\/uploads\/vania-e-julien-410_27286793584_o-300x200.jpg\" alt=\"\"><div class=\"overlay\"><span class=\"search\"><\/span><\/div><\/a>\n                <\/div>\n            <\/div>\n                        <div class=\"media-item\">\n                <div class=\"thumb\">\n                    <a href=\"https:\/\/www.vaniaetjulien.com\/wp-content\/uploads\/vania-e-julien-412_27620802190_o.jpg\"><img decoding=\"async\" src=\"https:\/\/www.vaniaetjulien.com\/wp-content\/uploads\/vania-e-julien-412_27620802190_o-300x200.jpg\" alt=\"\"><div class=\"overlay\"><span class=\"search\"><\/span><\/div><\/a>\n                <\/div>\n            <\/div>\n                        <div class=\"media-item\">\n                <div class=\"thumb\">\n                    <a href=\"https:\/\/www.vaniaetjulien.com\/wp-content\/uploads\/vania-e-julien-424_27620816220_o.jpg\"><img decoding=\"async\" src=\"https:\/\/www.vaniaetjulien.com\/wp-content\/uploads\/vania-e-julien-424_27620816220_o-300x200.jpg\" alt=\"\"><div class=\"overlay\"><span class=\"search\"><\/span><\/div><\/a>\n                <\/div>\n            <\/div>\n                        <div class=\"media-item\">\n                <div class=\"thumb\">\n                    <a href=\"https:\/\/www.vaniaetjulien.com\/wp-content\/uploads\/vania-e-julien-425_27864131566_o.jpg\"><img decoding=\"async\" src=\"https:\/\/www.vaniaetjulien.com\/wp-content\/uploads\/vania-e-julien-425_27864131566_o-300x200.jpg\" alt=\"\"><div class=\"overlay\"><span class=\"search\"><\/span><\/div><\/a>\n                <\/div>\n            <\/div>\n                        <div class=\"media-item\">\n                <div class=\"thumb\">\n                    <a href=\"https:\/\/www.vaniaetjulien.com\/wp-content\/uploads\/vania-e-julien-426_27620819240_o.jpg\"><img decoding=\"async\" src=\"https:\/\/www.vaniaetjulien.com\/wp-content\/uploads\/vania-e-julien-426_27620819240_o-200x300.jpg\" alt=\"\"><div class=\"overlay\"><span class=\"search\"><\/span><\/div><\/a>\n                <\/div>\n            <\/div>\n                        <div class=\"media-item\">\n                <div class=\"thumb\">\n                    <a href=\"https:\/\/www.vaniaetjulien.com\/wp-content\/uploads\/vania-e-julien-429_27864134466_o.jpg\"><img decoding=\"async\" src=\"https:\/\/www.vaniaetjulien.com\/wp-content\/uploads\/vania-e-julien-429_27864134466_o-300x200.jpg\" alt=\"\"><div class=\"overlay\"><span class=\"search\"><\/span><\/div><\/a>\n                <\/div>\n            <\/div>\n                        <div class=\"media-item\">\n                <div class=\"thumb\">\n                    <a href=\"https:\/\/www.vaniaetjulien.com\/wp-content\/uploads\/vania-e-julien-433_27899272925_o.jpg\"><img decoding=\"async\" src=\"https:\/\/www.vaniaetjulien.com\/wp-content\/uploads\/vania-e-julien-433_27899272925_o-300x200.jpg\" alt=\"\"><div class=\"overlay\"><span class=\"search\"><\/span><\/div><\/a>\n                <\/div>\n            <\/div>\n                        <div class=\"media-item\">\n                <div class=\"thumb\">\n                    <a href=\"https:\/\/www.vaniaetjulien.com\/wp-content\/uploads\/vania-e-julien-434_27620829900_o.jpg\"><img decoding=\"async\" src=\"https:\/\/www.vaniaetjulien.com\/wp-content\/uploads\/vania-e-julien-434_27620829900_o-300x200.jpg\" alt=\"\"><div class=\"overlay\"><span class=\"search\"><\/span><\/div><\/a>\n                <\/div>\n            <\/div>\n                        <div class=\"media-item\">\n                <div class=\"thumb\">\n                    <a href=\"https:\/\/www.vaniaetjulien.com\/wp-content\/uploads\/vania-e-julien-435_27899274185_o.jpg\"><img decoding=\"async\" src=\"https:\/\/www.vaniaetjulien.com\/wp-content\/uploads\/vania-e-julien-435_27899274185_o-300x200.jpg\" alt=\"\"><div class=\"overlay\"><span class=\"search\"><\/span><\/div><\/a>\n                <\/div>\n            <\/div>\n                        <div class=\"media-item\">\n                <div class=\"thumb\">\n                    <a href=\"https:\/\/www.vaniaetjulien.com\/wp-content\/uploads\/vania-e-julien-436_27620831910_o.jpg\"><img decoding=\"async\" src=\"https:\/\/www.vaniaetjulien.com\/wp-content\/uploads\/vania-e-julien-436_27620831910_o-300x200.jpg\" alt=\"\"><div class=\"overlay\"><span class=\"search\"><\/span><\/div><\/a>\n                <\/div>\n            <\/div>\n                        <div class=\"media-item\">\n                <div class=\"thumb\">\n                    <a href=\"https:\/\/www.vaniaetjulien.com\/wp-content\/uploads\/vania-e-julien-437_27899275745_o.jpg\"><img decoding=\"async\" src=\"https:\/\/www.vaniaetjulien.com\/wp-content\/uploads\/vania-e-julien-437_27899275745_o-300x200.jpg\" alt=\"\"><div class=\"overlay\"><span class=\"search\"><\/span><\/div><\/a>\n                <\/div>\n            <\/div>\n                        <div class=\"media-item\">\n                <div class=\"thumb\">\n                    <a href=\"https:\/\/www.vaniaetjulien.com\/wp-content\/uploads\/vania-e-julien-438_27620834010_o.jpg\"><img decoding=\"async\" src=\"https:\/\/www.vaniaetjulien.com\/wp-content\/uploads\/vania-e-julien-438_27620834010_o-300x200.jpg\" alt=\"\"><div class=\"overlay\"><span class=\"search\"><\/span><\/div><\/a>\n                <\/div>\n            <\/div>\n                        <div class=\"media-item\">\n                <div class=\"thumb\">\n                    <a href=\"https:\/\/www.vaniaetjulien.com\/wp-content\/uploads\/vania-e-julien-444_27286498274_o.jpg\"><img decoding=\"async\" src=\"https:\/\/www.vaniaetjulien.com\/wp-content\/uploads\/vania-e-julien-444_27286498274_o-300x200.jpg\" alt=\"\"><div class=\"overlay\"><span class=\"search\"><\/span><\/div><\/a>\n                <\/div>\n            <\/div>\n                        <div class=\"media-item\">\n                <div class=\"thumb\">\n                    <a href=\"https:\/\/www.vaniaetjulien.com\/wp-content\/uploads\/vania-e-julien-448_27797755882_o.jpg\"><img decoding=\"async\" src=\"https:\/\/www.vaniaetjulien.com\/wp-content\/uploads\/vania-e-julien-448_27797755882_o-300x200.jpg\" alt=\"\"><div class=\"overlay\"><span class=\"search\"><\/span><\/div><\/a>\n                <\/div>\n            <\/div>\n                        <div class=\"media-item\">\n                <div class=\"thumb\">\n                    <a href=\"https:\/\/www.vaniaetjulien.com\/wp-content\/uploads\/vania-e-julien-451_27286529394_o.jpg\"><img decoding=\"async\" src=\"https:\/\/www.vaniaetjulien.com\/wp-content\/uploads\/vania-e-julien-451_27286529394_o-300x200.jpg\" alt=\"\"><div class=\"overlay\"><span class=\"search\"><\/span><\/div><\/a>\n                <\/div>\n            <\/div>\n                        <div class=\"media-item\">\n                <div class=\"thumb\">\n                    <a href=\"https:\/\/www.vaniaetjulien.com\/wp-content\/uploads\/vania-e-julien-453_27286527594_o.jpg\"><img decoding=\"async\" src=\"https:\/\/www.vaniaetjulien.com\/wp-content\/uploads\/vania-e-julien-453_27286527594_o-200x300.jpg\" alt=\"\"><div class=\"overlay\"><span class=\"search\"><\/span><\/div><\/a>\n                <\/div>\n            <\/div>\n                        <div class=\"media-item\">\n                <div class=\"thumb\">\n                    <a href=\"https:\/\/www.vaniaetjulien.com\/wp-content\/uploads\/vania-e-julien-454_27620502850_o.jpg\"><img decoding=\"async\" src=\"https:\/\/www.vaniaetjulien.com\/wp-content\/uploads\/vania-e-julien-454_27620502850_o-200x300.jpg\" alt=\"\"><div class=\"overlay\"><span class=\"search\"><\/span><\/div><\/a>\n                <\/div>\n            <\/div>\n                        <div class=\"media-item\">\n                <div class=\"thumb\">\n                    <a href=\"https:\/\/www.vaniaetjulien.com\/wp-content\/uploads\/vania-e-julien-456_27620502200_o.jpg\"><img decoding=\"async\" src=\"https:\/\/www.vaniaetjulien.com\/wp-content\/uploads\/vania-e-julien-456_27620502200_o-200x300.jpg\" alt=\"\"><div class=\"overlay\"><span class=\"search\"><\/span><\/div><\/a>\n                <\/div>\n            <\/div>\n                        <div class=\"media-item\">\n                <div class=\"thumb\">\n                    <a href=\"https:\/\/www.vaniaetjulien.com\/wp-content\/uploads\/vania-e-julien-459_27620489490_o.jpg\"><img decoding=\"async\" src=\"https:\/\/www.vaniaetjulien.com\/wp-content\/uploads\/vania-e-julien-459_27620489490_o-200x300.jpg\" alt=\"\"><div class=\"overlay\"><span class=\"search\"><\/span><\/div><\/a>\n                <\/div>\n            <\/div>\n                <\/div>\n<\/div>\n<p><code><script type=\"text\/javascript\">jQuery(window).on('load', function(){jQuery(window).resize();});<\/script><\/code><\/p>","protected":false},"excerpt":{"rendered":"<p>A cerim\u00f4nia civil foi no dia 4 de junho de 2016 no cart\u00f3rio civil de Indaiatuba na presen\u00e7a da fam\u00edlia da V\u00e2nia. Agradecemos nossas testemunhas Terezinha, Rafael, Priscila e Leandro. Agradecemos tamb\u00e9m a nossa int\u00e9rprete de franc\u00eas Heloisa Piccolotto, de Campinas. As fotos tamb\u00e9m foram tiradas pelo Wagner, da Nova Foto Indaiatuba.<\/p>\n","protected":false},"author":1,"featured_media":0,"parent":0,"menu_order":0,"comment_status":"closed","ping_status":"closed","template":"page-fullwidth.php","meta":{"footnotes":""},"class_list":["post-6","page","type-page","status-publish","hentry"],"_links":{"self":[{"href":"https:\/\/www.vaniaetjulien.com\/pb\/wp-json\/wp\/v2\/pages\/6","targetHints":{"allow":["GET"]}}],"collection":[{"href":"https:\/\/www.vaniaetjulien.com\/pb\/wp-json\/wp\/v2\/pages"}],"about":[{"href":"https:\/\/www.vaniaetjulien.com\/pb\/wp-json\/wp\/v2\/types\/page"}],"author":[{"embeddable":true,"href":"https:\/\/www.vaniaetjulien.com\/pb\/wp-json\/wp\/v2\/users\/1"}],"replies":[{"embeddable":true,"href":"https:\/\/www.vaniaetjulien.com\/pb\/wp-json\/wp\/v2\/comments?post=6"}],"version-history":[{"count":9,"href":"https:\/\/www.vaniaetjulien.com\/pb\/wp-json\/wp\/v2\/pages\/6\/revisions"}],"predecessor-version":[{"id":286,"href":"https:\/\/www.vaniaetjulien.com\/pb\/wp-json\/wp\/v2\/pages\/6\/revisions\/286"}],"wp:attachment":[{"href":"https:\/\/www.vaniaetjulien.com\/pb\/wp-json\/wp\/v2\/media?parent=6"}],"curies":[{"name":"wp","href":"https:\/\/api.w.org\/{rel}","templated":true}]}}