{"id":2,"date":"2016-07-07T08:03:30","date_gmt":"2016-07-07T06:03:30","guid":{"rendered":"http:\/\/vaniaetjulien.com\/?page_id=2"},"modified":"2016-08-05T03:40:01","modified_gmt":"2016-08-05T01:40:01","slug":"page-d-exemple","status":"publish","type":"page","link":"https:\/\/www.vaniaetjulien.com\/pb\/","title":{"rendered":"Home"},"content":{"rendered":"<p><code>        <div id=\"cptbc_524\" class=\"carousel slide\"  data-interval=\"5000\">\n\n            \n            <div class=\"carousel-inner\">\n            \n                <div class=\"item active\" id=\"cptbc-item-227\"  style=\"height: 550px;  background: url('https:\/\/www.vaniaetjulien.com\/wp-content\/uploads\/vania-e-julien-11_27797455642_o.jpg') no-repeat center center ; -webkit-background-size: cover; -moz-background-size: cover; -o-background-size: cover; background-size: cover;\">\n                                    <\/div>\n            \n                <div class=\"item \" id=\"cptbc-item-228\"  style=\"height: 550px;  background: url('https:\/\/www.vaniaetjulien.com\/wp-content\/uploads\/vania-e-julien-176_27286646014_o.jpg') no-repeat center center ; -webkit-background-size: cover; -moz-background-size: cover; -o-background-size: cover; background-size: cover;\">\n                                    <\/div>\n            \n                <div class=\"item \" id=\"cptbc-item-229\"  style=\"height: 550px;  background: url('https:\/\/www.vaniaetjulien.com\/wp-content\/uploads\/vania-e-julien-425_27864131566_o.jpg') no-repeat center center ; -webkit-background-size: cover; -moz-background-size: cover; -o-background-size: cover; background-size: cover;\">\n                                    <\/div>\n                        <\/div>\n\n            \n        <\/div>\n\n                <script type=\"text\/javascript\">\n            jQuery(document).ready(function() {\n                jQuery('#cptbc_524').carousel({\n                    interval: 5000                });\n            });\n        <\/script>\n        <\/code><\/p>\n<div class=\"bg-opacity\"><\/div>\n<div class=\"wedding-info\">\n<span class=\"name\">V\u00e2nia<\/span><span class=\"heart\"><\/span><span class=\"name\">Julien<\/span><\/p>\n<div class=\"date-location\"><span class=\"date\"><\/span>04\/06\/16<span class=\"location\"><\/span>Indaiatuba, SP<\/div>\n<\/div>\n<div class=\"countdown\">\n<h1>Estamos casados h\u00e1<\/h1>\n<div id=\"smartcountdown-2579\" style=\"font-size:12px\">\r\n\t\t\t\t\t\t<div class=\"textwidget\" ><style>\r\n.spinner {\r\n\tbackground:\r\n\t\turl('https:\/\/www.vaniaetjulien.com\/wp-admin\/images\/wpspin_light.gif')\r\n\t\tno-repeat;\r\n}\r\n<\/style>\n<div id=\"smartcountdown-2579-loading\" class=\"spinner\"><\/div>\n<div class=\"scd-all-wrapper\">\n\t<div class=\"scd-title scd-title-col clearfix\"\n\t\tid=\"smartcountdown-2579-title-before\"\n\t\t style=\"font-size:1.6666666666667em;\"><\/div>\n\t<div class=\"scd-counter scd-counter-col clearfix\">\r\n\t\t\t\t\t<div id=\"smartcountdown-2579-years\"\n\t\t\tclass=\"scd-unit scd-unit-horz\"\n\t\t\t>\r\n\t\t\t\t\t\t\t<div class=\"scd-digits scd-digits-col\"\n\t\t\t\tid=\"smartcountdown-2579-years-digits\"\n\t\t\t\t><\/div>\n\t\t\t<div class=\"scd-label scd-label-col\"\n\t\t\t\tid=\"smartcountdown-2579-years-label\"\n\t\t\t\t style=\"font-size:0.83333333333333em;\"><\/div>\r\n\t\t\t\t\t\t<\/div>\r\n\t\t\t\t\t<div id=\"smartcountdown-2579-months\"\n\t\t\tclass=\"scd-unit scd-unit-horz\"\n\t\t\t>\r\n\t\t\t\t\t\t\t<div class=\"scd-digits scd-digits-col\"\n\t\t\t\tid=\"smartcountdown-2579-months-digits\"\n\t\t\t\t><\/div>\n\t\t\t<div class=\"scd-label scd-label-col\"\n\t\t\t\tid=\"smartcountdown-2579-months-label\"\n\t\t\t\t style=\"font-size:0.83333333333333em;\"><\/div>\r\n\t\t\t\t\t\t<\/div>\r\n\t\t\t\t\t<div id=\"smartcountdown-2579-weeks\"\n\t\t\tclass=\"scd-unit scd-unit-horz\"\n\t\t\t style=\"display:none;\">\r\n\t\t\t\t\t\t\t<div class=\"scd-digits scd-digits-col\"\n\t\t\t\tid=\"smartcountdown-2579-weeks-digits\"\n\t\t\t\t><\/div>\n\t\t\t<div class=\"scd-label scd-label-col\"\n\t\t\t\tid=\"smartcountdown-2579-weeks-label\"\n\t\t\t\t style=\"font-size:0.83333333333333em;\"><\/div>\r\n\t\t\t\t\t\t<\/div>\r\n\t\t\t\t\t<div id=\"smartcountdown-2579-days\"\n\t\t\tclass=\"scd-unit scd-unit-horz\"\n\t\t\t>\r\n\t\t\t\t\t\t\t<div class=\"scd-digits scd-digits-col\"\n\t\t\t\tid=\"smartcountdown-2579-days-digits\"\n\t\t\t\t><\/div>\n\t\t\t<div class=\"scd-label scd-label-col\"\n\t\t\t\tid=\"smartcountdown-2579-days-label\"\n\t\t\t\t style=\"font-size:0.83333333333333em;\"><\/div>\r\n\t\t\t\t\t\t<\/div>\r\n\t\t\t\t\t<div id=\"smartcountdown-2579-hours\"\n\t\t\tclass=\"scd-unit scd-unit-horz\"\n\t\t\t>\r\n\t\t\t\t\t\t\t<div class=\"scd-digits scd-digits-col\"\n\t\t\t\tid=\"smartcountdown-2579-hours-digits\"\n\t\t\t\t><\/div>\n\t\t\t<div class=\"scd-label scd-label-col\"\n\t\t\t\tid=\"smartcountdown-2579-hours-label\"\n\t\t\t\t style=\"font-size:0.83333333333333em;\"><\/div>\r\n\t\t\t\t\t\t<\/div>\r\n\t\t\t\t\t<div id=\"smartcountdown-2579-minutes\"\n\t\t\tclass=\"scd-unit scd-unit-horz\"\n\t\t\t>\r\n\t\t\t\t\t\t\t<div class=\"scd-digits scd-digits-col\"\n\t\t\t\tid=\"smartcountdown-2579-minutes-digits\"\n\t\t\t\t><\/div>\n\t\t\t<div class=\"scd-label scd-label-col\"\n\t\t\t\tid=\"smartcountdown-2579-minutes-label\"\n\t\t\t\t style=\"font-size:0.83333333333333em;\"><\/div>\r\n\t\t\t\t\t\t<\/div>\r\n\t\t\t\t\t<div id=\"smartcountdown-2579-seconds\"\n\t\t\tclass=\"scd-unit scd-unit-horz\"\n\t\t\t>\r\n\t\t\t\t\t\t\t<div class=\"scd-digits scd-digits-col\"\n\t\t\t\tid=\"smartcountdown-2579-seconds-digits\"\n\t\t\t\t><\/div>\n\t\t\t<div class=\"scd-label scd-label-col\"\n\t\t\t\tid=\"smartcountdown-2579-seconds-label\"\n\t\t\t\t style=\"font-size:0.83333333333333em;\"><\/div>\r\n\t\t\t\t\t\t<\/div>\r\n\t\t\t<\/div>\n\t<div class=\"scd-title scd-title-col clearfix\"\n\t\tid=\"smartcountdown-2579-title-after\"\n\t\t style=\"font-size:1.3333333333333em;\"><\/div>\n<\/div>\n<\/div>\r\n\t\t\t\t\t<script type=\"text\/javascript\">\r\n\t\t\t\tjQuery(document).ready(function() {\r\n\t\t\t\t\tscds_container.add({\"units\":{\"years\":1,\"months\":1,\"weeks\":0,\"days\":1,\"hours\":1,\"minutes\":1,\"seconds\":1},\"paddings\":{\"years\":1,\"months\":2,\"weeks\":1,\"days\":2,\"hours\":2,\"minutes\":2,\"seconds\":2},\"hide_highest_zeros\":\"1\",\"allow_all_zeros\":\"0\",\"countdown_limit\":-1,\"countup_limit\":-1,\"hide_countup_counter\":\"0\",\"title_before_down\":\"\",\"title_before_up\":\"\",\"title_after_down\":\"\",\"title_after_up\":\"\",\"show_title\":1,\"layout\":\"horz\",\"event_text_pos\":\"vert\",\"labels_pos\":\"bottom\",\"labels_vert_align\":\"middle\",\"digits_size\":40,\"labels_size\":10,\"title_before_size\":20,\"title_after_size\":16,\"title_before_style\":\"\",\"title_after_style\":\"\",\"digits_style\":\"\",\"labels_style\":\"\",\"base_font_size\":12,\"widget_style\":\"\",\"redirect_url\":\"\",\"click_url\":\"\",\"fx_preset\":\"Sliding_text_fade.xml\",\"layout_preset\":\"shortcode_compact.xml\",\"import_config\":\"\",\"id\":\"smartcountdown-2579\",\"deadline\":\"2016-06-04 10:10:00\",\"before_widget\":\"\",\"after_widget\":\"\",\"mode\":\"auto\",\"countdown_to_end\":0,\"shortcode\":1,\"responsive\":[{\"scale\":\"0.5\",\"alt_classes\":[{\"selector\":\".scd-unit\",\"remove\":\"scd-unit-vert scd-unit-horz\",\"add\":\"scd-unit-vert clearfix\"},[{\"selector\":\".scd-label\",\"remove\":\"scd-label-col scd-label-row\",\"add\":\"scd-label-col\"},{\"selector\":\".scd-digits\",\"remove\":\"scd-digits-col scd-digits-row\",\"add\":\"scd-digits-col\"}]]},{\"scale\":\"0.8\",\"alt_classes\":[{\"selector\":\".scd-unit\",\"remove\":\"scd-unit-vert scd-unit-horz\",\"add\":\"scd-unit-vert clearfix\"},[{\"selector\":\".scd-label\",\"remove\":\"scd-label-col scd-label-row\",\"add\":\"scd-label-row\"},{\"selector\":\".scd-digits\",\"remove\":\"scd-digits-col scd-digits-row\",\"add\":\"scd-digits-row\"}]]},{\"scale\":1,\"alt_classes\":[{\"selector\":\".scd-unit\",\"remove\":\"scd-unit-vert scd-unit-horz clearfix\",\"add\":\"scd-unit-horz\"},[{\"selector\":\".scd-label\",\"remove\":\"scd-label-col scd-label-row\",\"add\":\"scd-label-col\"},{\"selector\":\".scd-digits\",\"remove\":\"scd-digits-col scd-digits-row\",\"add\":\"scd-digits-col\"}],[{\"selector\":\".scd-title\",\"remove\":\"scd-title-col scd-title-row clearfix\",\"add\":\"scd-title-col clearfix\"},{\"selector\":\".scd-counter\",\"remove\":\"scd-counter-col scd-counter-row clearfix\",\"add\":\"scd-counter-col clearfix\"}]]}],\"hide_lower_units\":[],\"animations\":{\"name\":\"Sliding text with overflow\",\"description\":\"Scalable. Overflow visible with fade-in\\\/fade-out\",\"images_folder\":\"https:\\\/\\\/www.vaniaetjulien.com\\\/wp-content\\\/plugins\\\/smart-countdown-fx\\\/includes\\\/animations\\\/\",\"uses_margin_values\":false,\"digits\":{\"*\":{\"style\":{\"font-size\":\"3.3333333333333em\",\"height\":\"1em\",\"width\":\"0.6em\",\"line-height\":\"1.0em\",\"overflow\":\"visible\"},\"down\":[{\"duration\":\"300\",\"transition\":\"easeInSine\",\"elements\":[{\"filename_base\":\"\",\"filename_ext\":\"\",\"value_type\":\"next\",\"tag\":\"div\",\"content_type\":\"txt\",\"styles\":{\"top\":\"70%\",\"left\":\"-10000px\",\"right\":\"0\",\"margin\":\"0 auto\",\"text-align\":\"center\",\"opacity\":\"0\"},\"tweens\":{\"from\":{\"top\":\"70%\",\"left\":\"0\",\"right\":\"0\",\"margin\":\"0 auto\",\"text-align\":\"center\",\"opacity\":\"0\"},\"to\":{\"top\":\"0%\",\"opacity\":\"1\",\"left\":\"0\"}}},{\"filename_base\":\"\",\"filename_ext\":\"\",\"value_type\":\"prev\",\"tag\":\"div\",\"content_type\":\"txt\",\"styles\":{\"top\":\"0\",\"left\":\"0\",\"right\":\"0\",\"margin\":\"0 auto\",\"text-align\":\"center\",\"opacity\":\"1\"},\"tweens\":{\"from\":{\"top\":\"0%\",\"left\":\"0\",\"right\":\"0\",\"margin\":\"0 auto\",\"text-align\":\"center\",\"opacity\":\"1\"},\"to\":{\"top\":\"-70%\",\"opacity\":\"0\"}}}]},{\"duration\":\"0\",\"transition\":\"linear\",\"elements\":[{\"filename_base\":\"\",\"filename_ext\":\"\",\"value_type\":\"prev\",\"tag\":\"div\",\"content_type\":\"txt\",\"styles\":{\"left\":\"-10000px\",\"top\":\"-10000px\"},\"tweens\":{\"from\":{\"left\":\"-10000px\",\"top\":\"-10000px\"},\"to\":[]}}]}],\"up\":[{\"duration\":\"300\",\"transition\":\"easeInSine\",\"elements\":[{\"filename_base\":\"\",\"filename_ext\":\"\",\"value_type\":\"next\",\"tag\":\"div\",\"content_type\":\"txt\",\"styles\":{\"top\":\"-70%\",\"left\":\"-10000px\",\"right\":\"0\",\"margin\":\"0 auto\",\"text-align\":\"center\",\"opacity\":\"0\"},\"tweens\":{\"from\":{\"top\":\"-70%\",\"left\":\"0\",\"right\":\"0\",\"margin\":\"0 auto\",\"text-align\":\"center\",\"opacity\":\"0\"},\"to\":{\"top\":\"0%\",\"opacity\":\"1\",\"left\":\"0\"}}},{\"filename_base\":\"\",\"filename_ext\":\"\",\"value_type\":\"prev\",\"tag\":\"div\",\"content_type\":\"txt\",\"styles\":{\"top\":\"0\",\"left\":\"0\",\"right\":\"0\",\"margin\":\"0 auto\",\"text-align\":\"center\",\"opacity\":\"1\"},\"tweens\":{\"from\":{\"top\":\"0%\",\"left\":\"0\",\"right\":\"0\",\"margin\":\"0 auto\",\"text-align\":\"center\",\"opacity\":\"1\"},\"to\":{\"top\":\"70%\",\"opacity\":\"0\"}}}]},{\"duration\":\"0\",\"transition\":\"linear\",\"elements\":[{\"filename_base\":\"\",\"filename_ext\":\"\",\"value_type\":\"prev\",\"tag\":\"div\",\"content_type\":\"txt\",\"styles\":{\"left\":\"-10000px\",\"top\":\"-10000px\"},\"tweens\":{\"from\":{\"left\":\"-10000px\",\"top\":\"-10000px\"},\"to\":[]}}]}]}}}});\r\n\t\t\t\t});\r\n\t\t\t<\/script>\r\n\t\t\t\t\t<\/div>\n<\/div>\n<div class=\"presentation-container\">\n<div class=\"container presentation\">\n<div class=\"column\">\n<div class=\"image bride\"><\/div>\n<h6>A noiva<\/h6>\n<div class=\"text\">Nascida em 1982. Brasileira. Mistura de descend\u00eancias alem\u00e3, portuguesa e italiana. Desde pequena se encantou com o charme da l\u00edngua francesa, at\u00e9 que muitos anos depois realizou seu sonho de conhecer a cidade que se tornaria seu novo lar por 6 meses, Paris.<\/div>\n<div class=\"text\">Meu marido \u00e9 : muito rom\u00e2ntico, paciente, sens\u00edvel, atencioso, compreensivo, carinhoso, um pouco desastrado e ele se atrasa de vez em quando.<\/div>\n<p><a href=\"http:\/\/vaniaetjulien.com\/vania-et-julien\/\"><span class=\"arrow\"><\/span>mais<\/a>\n<\/div>\n<div class=\"column\">\n<div class=\"image groom\"><\/div>\n<h6>O noivo<\/h6>\n<div class=\"text\">Nascido em 1980 em Angers. Franc\u00eas com algumas ra\u00edzes italianas da parte materna. Depois de ter vivido 7 anos e meio na mais linda cidade do mundo, Paris, eu realizei meu sonho de morar em S\u00e3o Francisco, na Calif\u00f3rnia.<\/div>\n<div class=\"text\">Minha esposa \u00e9 : muito sens\u00edvel, doce, paciente, organizada, tem o dom para novos idiomas e decora\u00e7\u00e3o, um pouco ciumenta.<\/div>\n<p><a href=\"http:\/\/vaniaetjulien.com\/vania-et-julien\/\"><span class=\"arrow\"><\/span>mais<\/a>\n<\/div>\n<\/div>\n<\/div>\n<p><span style=\"border-radius: 2px; text-indent: 20px; width: auto; padding: 0px 4px 0px 0px; text-align: center; font: bold 11px\/20px 'Helvetica Neue',Helvetica,sans-serif; color: #ffffff; background: #bd081c no-repeat scroll 3px 50% \/ 14px 14px; position: absolute; opacity: 0.85; z-index: 8675309; display: none; cursor: pointer; top: 36px; left: 20px;\">Save<\/span><\/p>\n<p><span style=\"border-radius: 2px; text-indent: 20px; width: auto; padding: 0px 4px 0px 0px; text-align: center; font: bold 11px\/20px 'Helvetica Neue',Helvetica,sans-serif; color: #ffffff; background: #bd081c no-repeat scroll 3px 50% \/ 14px 14px; position: absolute; opacity: 0.85; z-index: 8675309; display: none; cursor: pointer; top: 36px; left: 20px;\">Save<\/span><\/p>\n<p><span style=\"border-radius: 2px; text-indent: 20px; width: auto; padding: 0px 4px 0px 0px; text-align: center; font: bold 11px\/20px 'Helvetica Neue',Helvetica,sans-serif; color: #ffffff; background: #bd081c no-repeat scroll 3px 50% \/ 14px 14px; position: absolute; opacity: 1; z-index: 8675309; display: none; cursor: pointer;\">Save<\/span><\/p>","protected":false},"excerpt":{"rendered":"<p>V\u00e2niaJulien 04\/06\/16Indaiatuba, SP Estamos casados h\u00e1 A noiva Nascida em 1982. Brasileira. Mistura de descend\u00eancias alem\u00e3, portuguesa e italiana. Desde pequena se encantou com o charme da l\u00edngua francesa, at\u00e9 que muitos anos depois realizou seu sonho de conhecer a cidade que se tornaria seu novo lar por 6 meses, Paris. Meu marido \u00e9 : <a class=\"more-link\" href=\"https:\/\/www.vaniaetjulien.com\/pb\/cptbc\/three\/\">Continue reading <i class=\"fa fa-chevron-right\"><\/i><\/a><\/p>\n","protected":false},"author":1,"featured_media":0,"parent":0,"menu_order":0,"comment_status":"closed","ping_status":"open","template":"page-fullwidth.php","meta":{"footnotes":""},"class_list":["post-2","page","type-page","status-publish","hentry"],"_links":{"self":[{"href":"https:\/\/www.vaniaetjulien.com\/pb\/wp-json\/wp\/v2\/pages\/2","targetHints":{"allow":["GET"]}}],"collection":[{"href":"https:\/\/www.vaniaetjulien.com\/pb\/wp-json\/wp\/v2\/pages"}],"about":[{"href":"https:\/\/www.vaniaetjulien.com\/pb\/wp-json\/wp\/v2\/types\/page"}],"author":[{"embeddable":true,"href":"https:\/\/www.vaniaetjulien.com\/pb\/wp-json\/wp\/v2\/users\/1"}],"replies":[{"embeddable":true,"href":"https:\/\/www.vaniaetjulien.com\/pb\/wp-json\/wp\/v2\/comments?post=2"}],"version-history":[{"count":9,"href":"https:\/\/www.vaniaetjulien.com\/pb\/wp-json\/wp\/v2\/pages\/2\/revisions"}],"predecessor-version":[{"id":281,"href":"https:\/\/www.vaniaetjulien.com\/pb\/wp-json\/wp\/v2\/pages\/2\/revisions\/281"}],"wp:attachment":[{"href":"https:\/\/www.vaniaetjulien.com\/pb\/wp-json\/wp\/v2\/media?parent=2"}],"curies":[{"name":"wp","href":"https:\/\/api.w.org\/{rel}","templated":true}]}}