{"id":16,"date":"2016-07-07T08:51:12","date_gmt":"2016-07-07T06:51:12","guid":{"rendered":"http:\/\/vaniaetjulien.com\/?page_id=16"},"modified":"2016-07-08T03:33:18","modified_gmt":"2016-07-08T01:33:18","slug":"video","status":"publish","type":"page","link":"https:\/\/www.vaniaetjulien.com\/pb\/video\/","title":{"rendered":"Video"},"content":{"rendered":"<p>Alguns momentos escolhidos da cerim\u00f4nia civil. O v\u00eddeo foi editado pela V\u00e2nia.<\/p>\n<p><div style=\"width: 640px;\" class=\"wp-video\"><video class=\"wp-video-shortcode\" id=\"video-16-2\" width=\"640\" height=\"360\" preload=\"metadata\" controls=\"controls\"><source type=\"video\/mp4\" src=\"http:\/\/vaniaetjulien.com\/wp-content\/uploads\/mariage.mp4?_=2\" \/><a href=\"http:\/\/vaniaetjulien.com\/wp-content\/uploads\/mariage.mp4\">http:\/\/vaniaetjulien.com\/wp-content\/uploads\/mariage.mp4<\/a><\/video><\/div><\/p>","protected":false},"excerpt":{"rendered":"<p>Alguns momentos escolhidos da cerim\u00f4nia civil. O v\u00eddeo foi editado pela V\u00e2nia.<\/p>\n","protected":false},"author":1,"featured_media":0,"parent":0,"menu_order":0,"comment_status":"closed","ping_status":"closed","template":"page-fullwidth.php","meta":{"footnotes":""},"class_list":["post-16","page","type-page","status-publish","hentry"],"_links":{"self":[{"href":"https:\/\/www.vaniaetjulien.com\/pb\/wp-json\/wp\/v2\/pages\/16","targetHints":{"allow":["GET"]}}],"collection":[{"href":"https:\/\/www.vaniaetjulien.com\/pb\/wp-json\/wp\/v2\/pages"}],"about":[{"href":"https:\/\/www.vaniaetjulien.com\/pb\/wp-json\/wp\/v2\/types\/page"}],"author":[{"embeddable":true,"href":"https:\/\/www.vaniaetjulien.com\/pb\/wp-json\/wp\/v2\/users\/1"}],"replies":[{"embeddable":true,"href":"https:\/\/www.vaniaetjulien.com\/pb\/wp-json\/wp\/v2\/comments?post=16"}],"version-history":[{"count":2,"href":"https:\/\/www.vaniaetjulien.com\/pb\/wp-json\/wp\/v2\/pages\/16\/revisions"}],"predecessor-version":[{"id":66,"href":"https:\/\/www.vaniaetjulien.com\/pb\/wp-json\/wp\/v2\/pages\/16\/revisions\/66"}],"wp:attachment":[{"href":"https:\/\/www.vaniaetjulien.com\/pb\/wp-json\/wp\/v2\/media?parent=16"}],"curies":[{"name":"wp","href":"https:\/\/api.w.org\/{rel}","templated":true}]}}