{"id":14,"date":"2016-07-07T08:50:12","date_gmt":"2016-07-07T06:50:12","guid":{"rendered":"http:\/\/vaniaetjulien.com\/?page_id=14"},"modified":"2016-07-27T05:49:56","modified_gmt":"2016-07-27T03:49:56","slug":"vania-et-julien","status":"publish","type":"page","link":"https:\/\/www.vaniaetjulien.com\/pb\/vania-et-julien\/","title":{"rendered":"V\u00e2nia e Julien"},"content":{"rendered":"<p><\/p>\n<div class=\"container about\">\n<div class=\"about-row about-bride\">\n<div class=\"image bride\"><\/div>\n<div class=\"desc\">\n<h6>V\u00e2nia<\/h6>\n<div class=\"text\"><span class=\"cat\">Eu gosto de :<\/span> banho quente, cachorros, flores, piqueniques, surpresas, Fran\u00e7ois Truffaut, Stephen King, rock, filmes antigos, passar roupa, fotografia, frio, mojitos, sport, Candy Crush, assistir jogo de futebol, ch\u00e1.<\/div>\n<div class=\"text\"><span class=\"cat\">Eu n\u00e3o gosto :<\/span> Princesas Disney, gatos, calor, piment\u00e3o, berinjela, pentear o cabelo, fazer eu mesma minha unha, falar ingl\u00eas, cigarro.<\/div>\n<\/div>\n<\/div>\n<div class=\"about-row about-groom\">\n<div class=\"image groom small\"><\/div>\n<div class=\"desc\">\n<h6>Julien<\/h6>\n<div class=\"text\"><span class=\"cat\">Eu gosto de :<\/span> cinema, fotografia, viagens, caipirinha, Muse e Sigur R\u00f3s, passear por Paris, cachorros, Jiro Tanigushi, Walking Dead, o cheiro do asfalto depois da chuva e do p\u00e3o na torradeira, a Torre Eiffel, vinho Coteaux du Layon.<\/div>\n<div class=\"text\"><span class=\"cat\">Eu n\u00e3o gosto :<\/span> passar roupa, gatos, pessoas que falam muito alto, espinafre, aspargos, motoristas que buzinam o tempo todo.<\/div>\n<\/div>\n<div class=\"image groom\"><\/div>\n<\/div>\n<div class=\"our-story\">\n<ul class=\"clearfix\">\n<li class=\"odd\">\n<div class=\"info\">2013 Internet<\/div>\n<div class=\"image\"><img decoding=\"async\" src=\"http:\/\/vaniaetjulien.com\/wp-content\/uploads\/internet.jpg\" \/><\/div>\n<h5>Primeiro contato<\/h5>\n<div class=\"text\"><span class=\"author\">V\u00e2nia<\/span> &#8211; Como eu estudava franc\u00eas sozinha, gostava muito de ler e ver fotos sobre Paris. Encontrei o Flickr do Julien e depois o Twitter. Come\u00e7amos a conversar mais pelo whatsapp e por email em 2014, e eu tamb\u00e9m estava preparando minhas f\u00e9rias em Paris, e ele tinha muitas dicas pra me dar e inclusive topou em me acompanhar para assistir uma \u00f3pera l\u00e1.<\/div>\n<div class=\"text\"><span class=\"author\">Julien<\/span> &#8211; V\u00e2nia j\u00e1 me seguia no Flickr, depois no Twitter. Eu comecei a segui-la tamb\u00e9m e a gente come\u00e7ou a se falar. Primeiro no Twitter, durante a Copa do mundo de 2014 no Brasil. Eu via as fotos dela em S\u00e3o Paulo e no Rio. Depois por e-mail, para falar sobre as f\u00e9rias dela em Paris, em setembro do mesmo ano, para encontrar uma pessoa (eu) que pudesse acompanha-la numa \u00f3pera. Por fim, whatsapp onde me lembro ter ouvido a voz dela pela primeira vez. Aaaah o sotaque dela quando ela fala franc\u00eas &lt;3<\/div>\n<\/li>\n<li class=\"even\">\n<div class=\"info\">20 de setembro de 2014 Place des Vosges, Paris<\/div>\n<div class=\"image\"><img decoding=\"async\" src=\"http:\/\/vaniaetjulien.com\/wp-content\/uploads\/vosges.jpg\" \/><\/div>\n<h5>Primeiro encontro<\/h5>\n<div class=\"text\"><span class=\"author\">V\u00e2nia<\/span> &#8211; Marcamos de nos encontrar na Place des Vosges em Paris, uma semana antes da \u00f3pera. Tudo foi muito tranquilo e natural. Passamos a tarde juntos visitando museus e passeando por Paris. Come\u00e7ou a chover e eu fiquei muito feliz, pois era minha primeira chuva em Paris. Tomamos sorvete, ouvimos um concerto de \u00f3rg\u00e3os na Notre Dame e depois ele me levou conhecer a livraria Shakespeare &amp; Company. J\u00e1 anoitecia em Paris quando atravessamos a Pont des Arts, paramos em frente ao Louvre e nos sentamos nas escadas da Op\u00e9ra Garnier.<\/div>\n<div class=\"text\"><span class=\"author\">Julien<\/span> &#8211; Era meio-dia na Place des Vosges em Paris. Minha primeira lembran\u00e7a da V\u00e2nia foi o abra\u00e7o apertado que ela me deu pra me dizer bom dia. Depois do almo\u00e7o fomos no Mus\u00e9e Carnavalet e depois Mus\u00e9e Picasso, que estava quase sem nenhuma obra. Em seguida uma paradinha em Bastille, a primeira chuva parisiense dela, um sorvete na sorveteria Berthillon, os \u00f3rg\u00e3os da Catedral de Notre Dame e uma visita na livraria Shakespeare &amp; Company. O dia ainda n\u00e3o tinha terminado e eu j\u00e1 estava encantado com ela.<\/div>\n<\/li>\n<li class=\"odd\">\n<div class=\"info\">20 de setembro de 2014 Opera Garnier, Paris<\/div>\n<div class=\"image\"><img decoding=\"async\" src=\"http:\/\/vaniaetjulien.com\/wp-content\/uploads\/opera.jpg\" \/><\/div>\n<h5>Primeiro beijo<\/h5>\n<div class=\"text\"><span class=\"author\">V\u00e2nia<\/span> &#8211; Mas aquele dia t\u00e3o agrad\u00e1vel ainda reservava algumas surpresas. Um m\u00fasico tocava para um grupo de pessoas que estavam sentados nas escadas da Opera. Julien acertava todas as m\u00fasicas desde o primeiro acorde. Naquele momento j\u00e1 est\u00e1vamos encantados e envolvidos um pelo outro. Apesar das quest\u00f5es espa\u00e7o\/tempo que surgiam para n\u00f3s, a m\u00fasica Wonderwall do Oasis deu um empurr\u00e3ozinho para nosso primeiro beijo.<\/div>\n<div class=\"text\"><span class=\"author\">Julien<\/span> &#8211; Do lado de fora j\u00e1 era noite. Nas escadas da Opera Garnier. Ao longe, n\u00f3s v\u00edamos os pr\u00e9dios do Mus\u00e9e du Louvre. Paris nos pertencia. Um m\u00fasico de rua tocava guitarra enquanto isso. Ele come\u00e7ou a tocar Wonderwall do Oasis. V\u00e2nia colocou a cabe\u00e7a dela no meu ombro para apreciar a \u00f3pera. Muitas quest\u00f5es come\u00e7aram a surgir, mas finalmente eu tomei a melhor decis\u00e3o da minha vida, dar um beijo nela.<\/div>\n<\/li>\n<li class=\"even\">\n<div class=\"info\">14 de abril &#8211; 13 de outubro de 2015 Cr\u00e9teil<\/div>\n<div class=\"image\"><img decoding=\"async\" src=\"http:\/\/vaniaetjulien.com\/wp-content\/uploads\/creteil.jpg\" \/><\/div>\n<h5>Vida a dois<\/h5>\n<div class=\"text\"><span class=\"author\">V\u00e2nia<\/span> &#8211; Muitas decis\u00f5es dif\u00edceis, mas a certeza de que eu estava indo atr\u00e1s dos meus sonhos, e iria dividir tudo isso com uma pessoa muito especial. Deixar o emprego, a fam\u00edlia, meu cachorro, meu pa\u00eds, para come\u00e7ar um novo cap\u00edtulo da minha vida cheio de amor e de descobertas. Ele me esperava no aeroporto de Paris no dia 14 de abril de 2015 para me levar no nosso novo lar pelos pr\u00f3ximos 6 meses. A gente se deu super bem, mesmo sendo nossa primeira experi\u00eancia de vida a dois. Durante a semana ele trabalhava e eu estudava franc\u00eas no Marais e descobria cada dia todos os encantos de Paris como eu sempre sonhei. Nos finais de semana viagem para fora de Paris. Foi encantador conhecer toda a fam\u00edlia dele que me acolheu com todo carinho.<\/div>\n<div class=\"text\"><span class=\"author\">Julien<\/span> &#8211; 14 de abril de 2015. V\u00e2nia chega em Paris para passar 6 meses. Em dire\u00e7\u00e3o de Cr\u00e9teil onde nos esperava a nossa home sweet home. Curso de franc\u00eas pra V\u00e2nia, perto do bairro Marais. E o que mais ? Pique-niques, restaurantes, visitas, fim de semanas fora de Paris, jantares rom\u00e2nticos em casa, assistir filmes antigos, enfim, uma vida a dois.<\/div>\n<\/li>\n<li class=\"odd\">\n<div class=\"info\">27 de agosto de 2015 Les Ombres, Paris<\/div>\n<div class=\"image\"><img decoding=\"async\" src=\"http:\/\/vaniaetjulien.com\/wp-content\/uploads\/lesombres.jpg\" \/><\/div>\n<h5>Pedido de casamento<\/h5>\n<div class=\"text\"><span class=\"author\">V\u00e2nia<\/span> &#8211; Chuva o dia todo, m\u00eas de agosto, quinta-feira. &#8220;N\u00e3o podemos deixar pra outro dia?&#8221; mas a reserva no restaurante surpresa estava feita e seria dif\u00edcil conseguir de novo t\u00e3o cedo. Nos arrumamos e fomos, quando paramos em frente ao Mus\u00e9e de Quai Branly descobri que era o restaurante no t\u00e9rreo do museu, com uma vista linda da Torre Eiffel. Jantar impec\u00e1vel, tudo uma del\u00edcia, \u00e0s 11 horas da noite com a Torre Eiffel piscando, ele come\u00e7a uma linda declara\u00e7\u00e3o e coloca uma caixinha preta na mesa: &#8220;V\u00e2nia, voc\u00ea quer se casar comigo?&#8221; Com a Torre Eiffel de testemunha eu disse: Oui !<\/div>\n<div class=\"text\"><span class=\"author\">Julien<\/span> &#8211; Chovia muito essa noite do m\u00eas de agosto em Paris. &#8220;N\u00f3s vamos sair mesmo assim?&#8221; ela me perguntou. &#8220;Sim, sim eu j\u00e1 tinha reservado!&#8221; Estamos no restaurante Les Ombres com uma vista impressionante da Torre Eiffel, nossa queridinha. Eram 11 horas da noite. A Torre Eiffel come\u00e7a a piscar e o gar\u00e7om traz a sobremesa. Eu pergunto: &#8220;Voc\u00ea quer se casar comigo?&#8221;<\/div>\n<\/li>\n<li class=\"even\">\n<div class=\"info\">04 de junho de 2016 Indaiatuba, SP<\/div>\n<div class=\"image\"><img decoding=\"async\" src=\"http:\/\/vaniaetjulien.com\/wp-content\/uploads\/mariage.jpg\" \/><\/div>\n<h5>Casamento<\/h5>\n<div class=\"text\"><span class=\"author\">V\u00e2nia<\/span> &#8211; Depois de longos dias de preparativos e muita documenta\u00e7\u00e3o e assinaturas, n\u00f3s finalmente marcamos o nosso casamento para o dia 04 de junho de 2016. Ele veio de S\u00e3o Francisco, nos Estados Unidos, conheceu minha fam\u00edlia, minha casa e minha cidade. Numa agrad\u00e1vel manh\u00e3, a cerim\u00f4nia acompanhada por alguns familiares celebrou nossa uni\u00e3o.<\/div>\n<div class=\"text\"><span class=\"author\">Julien<\/span> &#8211; N\u00f3s dissemos oui ! \u2013 quer dizer, sim! \u2013 no Brasil, em Indaiatuba, mais precisamente, a cidade onde a V\u00e2nia vive, na presen\u00e7a de alguns membros da fam\u00edlia dela. Depois da cerim\u00f4nia no Cart\u00f3rio, n\u00f3s fomos todos numa churrascaria para continuar a celebrar a nossa uni\u00e3o.<\/div>\n<\/li>\n<\/ul>\n<\/div>\n<\/div>\n<p><\/p>","protected":false},"excerpt":{"rendered":"<p>V\u00e2nia Eu gosto de : banho quente, cachorros, flores, piqueniques, surpresas, Fran\u00e7ois Truffaut, Stephen King, rock, filmes antigos, passar roupa, fotografia, frio, mojitos, sport, Candy Crush, assistir jogo de futebol, ch\u00e1. Eu n\u00e3o gosto : Princesas Disney, gatos, calor, piment\u00e3o, berinjela, pentear o cabelo, fazer eu mesma minha unha, falar ingl\u00eas, cigarro. Julien Eu gosto <a class=\"more-link\" href=\"https:\/\/www.vaniaetjulien.com\/pb\/vania-et-julien\/\">Continue reading <i class=\"fa fa-chevron-right\"><\/i><\/a><\/p>\n","protected":false},"author":1,"featured_media":0,"parent":0,"menu_order":0,"comment_status":"closed","ping_status":"closed","template":"page-fullwidth.php","meta":{"footnotes":""},"class_list":["post-14","page","type-page","status-publish","hentry"],"_links":{"self":[{"href":"https:\/\/www.vaniaetjulien.com\/pb\/wp-json\/wp\/v2\/pages\/14","targetHints":{"allow":["GET"]}}],"collection":[{"href":"https:\/\/www.vaniaetjulien.com\/pb\/wp-json\/wp\/v2\/pages"}],"about":[{"href":"https:\/\/www.vaniaetjulien.com\/pb\/wp-json\/wp\/v2\/types\/page"}],"author":[{"embeddable":true,"href":"https:\/\/www.vaniaetjulien.com\/pb\/wp-json\/wp\/v2\/users\/1"}],"replies":[{"embeddable":true,"href":"https:\/\/www.vaniaetjulien.com\/pb\/wp-json\/wp\/v2\/comments?post=14"}],"version-history":[{"count":9,"href":"https:\/\/www.vaniaetjulien.com\/pb\/wp-json\/wp\/v2\/pages\/14\/revisions"}],"predecessor-version":[{"id":279,"href":"https:\/\/www.vaniaetjulien.com\/pb\/wp-json\/wp\/v2\/pages\/14\/revisions\/279"}],"wp:attachment":[{"href":"https:\/\/www.vaniaetjulien.com\/pb\/wp-json\/wp\/v2\/media?parent=14"}],"curies":[{"name":"wp","href":"https:\/\/api.w.org\/{rel}","templated":true}]}}