{"id":12,"date":"2016-07-07T08:49:27","date_gmt":"2016-07-07T06:49:27","guid":{"rendered":"http:\/\/vaniaetjulien.com\/?page_id=12"},"modified":"2016-07-07T08:49:27","modified_gmt":"2016-07-07T06:49:27","slug":"un-petit-mot","status":"publish","type":"page","link":"https:\/\/www.vaniaetjulien.com\/pb\/un-petit-mot\/","title":{"rendered":"Envie Uma Mensagem"},"content":{"rendered":"<p>Voc\u00ea gostaria de deixar uma mensagem para n\u00f3s ? Clique no bot\u00e3o abaixo para escrever.<\/p>\n<p><div id=\"gwolle_gb\">\r\n\t\t\t<div id=\"gwolle_gb_write_button\">\r\n\t\t\t\t<input type=\"button\" value=\"Escrever uma mensagem\" \/>\r\n\t\t\t<\/div>\r\n\t\t<form id=\"gwolle_gb_new_entry\" action=\"#\" method=\"POST\" class=\"gwolle_gb_hide\">\r\n\t\t\t<h3>Escreva sua mensagem<\/h3>\r\n\t\t\t<input type=\"hidden\" name=\"gwolle_gb_function\" id=\"gwolle_gb_function\" value=\"add_entry\" \/><input type=\"hidden\" name=\"gwolle_gb_book_id\" id=\"gwolle_gb_book_id\" value=\"1\" \/><div class=\"gwolle_gb_author_name\">\r\n\t\t\t\t<div class=\"label\"><label for=\"gwolle_gb_author_name\">Nome*: *<\/label><\/div>\r\n\t\t\t\t<div class=\"input\"><input class=\"wp-exclude-emoji \" value=\"\" type=\"text\" name=\"gwolle_gb_author_name\" id=\"gwolle_gb_author_name\" placeholder=\"Nome*\" required \/><\/div>\r\n\t\t\t<\/div>\r\n\t\t\t<div class=\"clearBoth\">&nbsp;<\/div><div class=\"gwolle_gb_author_origin\">\r\n\t\t\t\t\t<div class=\"label\"><label for=\"gwolle_gb_author_origin\">Localidade:<\/label><\/div>\r\n\t\t\t\t\t<div class=\"input\"><input class=\"wp-exclude-emoji \" value=\"\" type=\"text\" name=\"gwolle_gb_author_origin\" id=\"gwolle_gb_author_origin\" placeholder=\"Localidade\" \/><\/div>\r\n\t\t\t\t<\/div>\r\n\t\t\t\t<div class=\"clearBoth\">&nbsp;<\/div><div class=\"gwolle_gb_author_email\">\r\n\t\t\t\t<div class=\"label\"><label for=\"gwolle_gb_author_email\">E-mail*: *<\/label><\/div>\r\n\t\t\t\t<div class=\"input\"><input class=\"\" value=\"\" type=\"text\" name=\"gwolle_gb_author_email\" id=\"gwolle_gb_author_email\" placeholder=\"E-mail*\"  required \/><\/div>\r\n\t\t\t<\/div>\r\n\t\t\t<div class=\"clearBoth\">&nbsp;<\/div>\r\n\t\t\t<div class=\"gwolle_gb_subject\" style=\"display:none;\">\r\n\t\t\t\t<div class=\"label\"><label for=\"gwolle_gb_subject\">Do not fill this in:\r\n\t\t\t\t<\/label><\/div>\r\n\t\t\t\t<div class=\"input\">\r\n\t\t\t\t\t<input value=\"\" type=\"text\" name=\"gwolle_gb_subject\" id=\"gwolle_gb_subject\" placeholder=\"\" \/>\r\n\t\t\t\t<\/div>\r\n\t\t\t<\/div><div class=\"gwolle_gb_content\">\r\n\t\t\t\t<div class=\"label\"><label for=\"gwolle_gb_content\">Mensagem*: *<\/label><\/div>\r\n\t\t\t\t<div class=\"input\"><textarea name=\"gwolle_gb_content\" id=\"gwolle_gb_content\" class=\"wp-exclude-emoji \" placeholder=\"Mensagem*\"  required ><\/textarea><div class=\"gwolle_gb_emoji gwolle_gb_hide\">\n\t\t<a title=\"\ud83d\ude04\" class=\"gwolle_gb_emoji_1 noslimstat\">\ud83d\ude04<\/a>\n\t\t<a title=\"\ud83d\ude03\" class=\"gwolle_gb_emoji_2 noslimstat\">\ud83d\ude03<\/a>\n\t\t<a title=\"\ud83d\ude0a\" class=\"gwolle_gb_emoji_3 noslimstat\">\ud83d\ude0a<\/a>\n\t\t<a title=\"\ud83d\ude09\" class=\"gwolle_gb_emoji_4 noslimstat\">\ud83d\ude09<\/a>\n\t\t<a title=\"\ud83d\ude0d\" class=\"gwolle_gb_emoji_5 noslimstat\">\ud83d\ude0d<\/a>\n\t\t<a title=\"\ud83d\ude1a\" class=\"gwolle_gb_emoji_6 noslimstat\">\ud83d\ude1a<\/a>\n\t\t<a title=\"\ud83d\ude17\" class=\"gwolle_gb_emoji_7 noslimstat\">\ud83d\ude17<\/a>\n\t\t<a title=\"\ud83d\ude1c\" class=\"gwolle_gb_emoji_8 noslimstat\">\ud83d\ude1c<\/a>\n\t\t<a title=\"\ud83d\ude1b\" class=\"gwolle_gb_emoji_9 noslimstat\">\ud83d\ude1b<\/a>\n\t\t<a title=\"\ud83d\ude33\" class=\"gwolle_gb_emoji_10 noslimstat\">\ud83d\ude33<\/a>\n\t\t<a title=\"\ud83d\ude01\" class=\"gwolle_gb_emoji_11 noslimstat\">\ud83d\ude01<\/a>\n\t\t<a title=\"\ud83d\ude2c\" class=\"gwolle_gb_emoji_12 noslimstat\">\ud83d\ude2c<\/a>\n\t\t<a title=\"\ud83d\ude0c\" class=\"gwolle_gb_emoji_13 noslimstat\">\ud83d\ude0c<\/a>\n\t\t<a title=\"\ud83d\ude1e\" class=\"gwolle_gb_emoji_14 noslimstat\">\ud83d\ude1e<\/a>\n\t\t<a title=\"\ud83d\ude22\" class=\"gwolle_gb_emoji_15 noslimstat\">\ud83d\ude22<\/a>\n\t\t<a title=\"\ud83d\ude02\" class=\"gwolle_gb_emoji_16 noslimstat\">\ud83d\ude02<\/a>\n\t\t<a title=\"\ud83d\ude2d\" class=\"gwolle_gb_emoji_17 noslimstat\">\ud83d\ude2d<\/a>\n\t\t<a title=\"\ud83d\ude05\" class=\"gwolle_gb_emoji_18 noslimstat\">\ud83d\ude05<\/a>\n\t\t<a title=\"\ud83d\ude13\" class=\"gwolle_gb_emoji_19 noslimstat\">\ud83d\ude13<\/a>\n\t\t<a title=\"\ud83d\ude29\" class=\"gwolle_gb_emoji_20 noslimstat\">\ud83d\ude29<\/a>\n\t\t<a title=\"\ud83d\ude2e\" class=\"gwolle_gb_emoji_21 noslimstat\">\ud83d\ude2e<\/a>\n\t\t<a title=\"\ud83d\ude31\" class=\"gwolle_gb_emoji_22 noslimstat\">\ud83d\ude31<\/a>\n\t\t<a title=\"\ud83d\ude20\" class=\"gwolle_gb_emoji_23 noslimstat\">\ud83d\ude20<\/a>\n\t\t<a title=\"\ud83d\ude21\" class=\"gwolle_gb_emoji_24 noslimstat\">\ud83d\ude21<\/a>\n\t\t<a title=\"\ud83d\ude24\" class=\"gwolle_gb_emoji_25 noslimstat\">\ud83d\ude24<\/a>\n\t\t<a title=\"\ud83d\ude0b\" class=\"gwolle_gb_emoji_26 noslimstat\">\ud83d\ude0b<\/a>\n\t\t<a title=\"\ud83d\ude0e\" class=\"gwolle_gb_emoji_27 noslimstat\">\ud83d\ude0e<\/a>\n\t\t<a title=\"\ud83d\ude34\" class=\"gwolle_gb_emoji_28 noslimstat\">\ud83d\ude34<\/a>\n\t\t<a title=\"\ud83d\ude08\" class=\"gwolle_gb_emoji_29 noslimstat\">\ud83d\ude08<\/a>\n\t\t<a title=\"\ud83d\ude07\" class=\"gwolle_gb_emoji_30 noslimstat\">\ud83d\ude07<\/a>\n\t\t<a title=\"\ud83d\ude15\" class=\"gwolle_gb_emoji_31 noslimstat\">\ud83d\ude15<\/a>\n\t\t<a title=\"\ud83d\ude0f\" class=\"gwolle_gb_emoji_32 noslimstat\">\ud83d\ude0f<\/a>\n\t\t<a title=\"\ud83d\ude11\" class=\"gwolle_gb_emoji_33 noslimstat\">\ud83d\ude11<\/a>\n\t\t<a title=\"\ud83d\udc72\" class=\"gwolle_gb_emoji_34 noslimstat\">\ud83d\udc72<\/a>\n\t\t<a title=\"\ud83d\udc6e\" class=\"gwolle_gb_emoji_35 noslimstat\">\ud83d\udc6e<\/a>\n\t\t<a title=\"\ud83d\udc82\" class=\"gwolle_gb_emoji_36 noslimstat\">\ud83d\udc82<\/a>\n\t\t<a title=\"\ud83d\udc76\" class=\"gwolle_gb_emoji_37 noslimstat\">\ud83d\udc76<\/a>\n\t\t<a title=\"\u2764\" class=\"gwolle_gb_emoji_38 noslimstat\">\u2764<\/a>\n\t\t<a title=\"\ud83d\udc94\" class=\"gwolle_gb_emoji_39 noslimstat\">\ud83d\udc94<\/a>\n\t\t<a title=\"\ud83d\udc95\" class=\"gwolle_gb_emoji_40 noslimstat\">\ud83d\udc95<\/a>\n\t\t<a title=\"\ud83d\udc98\" class=\"gwolle_gb_emoji_41 noslimstat\">\ud83d\udc98<\/a>\n\t\t<a title=\"\ud83d\udc8c\" class=\"gwolle_gb_emoji_42 noslimstat\">\ud83d\udc8c<\/a>\n\t\t<a title=\"\ud83d\udc8b\" class=\"gwolle_gb_emoji_43 noslimstat\">\ud83d\udc8b<\/a>\n\t\t<a title=\"\ud83c\udf81\" class=\"gwolle_gb_emoji_44 noslimstat\">\ud83c\udf81<\/a>\n\t\t<a title=\"\ud83d\udcb0\" class=\"gwolle_gb_emoji_45 noslimstat\">\ud83d\udcb0<\/a>\n\t\t<a title=\"\ud83d\udc8d\" class=\"gwolle_gb_emoji_46 noslimstat\">\ud83d\udc8d<\/a>\n\t\t<a title=\"\ud83d\udc4d\" class=\"gwolle_gb_emoji_47 noslimstat\">\ud83d\udc4d<\/a>\n\t\t<a title=\"\ud83d\udc4e\" class=\"gwolle_gb_emoji_48 noslimstat\">\ud83d\udc4e<\/a>\n\t\t<a title=\"\ud83d\udc4c\" class=\"gwolle_gb_emoji_49 noslimstat\">\ud83d\udc4c<\/a>\n\t\t<a title=\"\u270c\ufe0f\" class=\"gwolle_gb_emoji_50 noslimstat\">\u270c\ufe0f<\/a>\n\t\t<a title=\"\ud83e\udd18\ufe0f\" class=\"gwolle_gb_emoji_51 noslimstat\">\ud83e\udd18<\/a>\n\t\t<a title=\"\ud83d\udc4f\" class=\"gwolle_gb_emoji_52 noslimstat\">\ud83d\udc4f<\/a>\n\t\t<a title=\"\ud83c\udfb5\" class=\"gwolle_gb_emoji_53 noslimstat\">\ud83c\udfb5<\/a>\n\t\t<a title=\"\u2615\ufe0f\" class=\"gwolle_gb_emoji_54 noslimstat\">\u2615\ufe0f<\/a>\n\t\t<a title=\"\ud83c\udf75\" class=\"gwolle_gb_emoji_55 noslimstat\">\ud83c\udf75<\/a>\n\t\t<a title=\"\ud83c\udf7a\" class=\"gwolle_gb_emoji_56 noslimstat\">\ud83c\udf7a<\/a>\n\t\t<a title=\"\ud83c\udf77\" class=\"gwolle_gb_emoji_57 noslimstat\">\ud83c\udf77<\/a>\n\t\t<a title=\"\ud83c\udf7c\" class=\"gwolle_gb_emoji_58 noslimstat\">\ud83c\udf7c<\/a>\n\t\t<a title=\"\u2600\ufe0f\" class=\"gwolle_gb_emoji_59 noslimstat\">\u2600\ufe0f<\/a>\n\t\t<a title=\"\ud83c\udf24\" class=\"gwolle_gb_emoji_60 noslimstat\">\ud83c\udf24<\/a>\n\t\t<a title=\"\ud83c\udf26\" class=\"gwolle_gb_emoji_61 noslimstat\">\ud83c\udf26<\/a>\n\t\t<a title=\"\ud83c\udf27\" class=\"gwolle_gb_emoji_62 noslimstat\">\ud83c\udf27<\/a>\n\t\t<a title=\"\ud83c\udf1c\" class=\"gwolle_gb_emoji_63 noslimstat\">\ud83c\udf1c<\/a>\n\t\t<a title=\"\ud83c\udf08\" class=\"gwolle_gb_emoji_64 noslimstat\">\ud83c\udf08<\/a>\n\t\t<a title=\"\ud83c\udfdd\" class=\"gwolle_gb_emoji_65 noslimstat\">\ud83c\udfdd<\/a>\n\t\t<\/div><\/div>\r\n\t\t\t\t<\/div>\r\n\t\t\t<div class=\"clearBoth\">&nbsp;<\/div><input type=\"hidden\" id=\"gwolle_gb_wpnonce\" name=\"gwolle_gb_wpnonce\" value=\"201c9948be\" \/>\r\n\t\t\t<div class=\"gwolle_gb_submit\">\r\n\t\t\t\t<div class=\"label gwolle_gb_invisible\">&nbsp;<\/div>\r\n\t\t\t\t<div class=\"input\"><input type=\"submit\" name=\"gwolle_gb_submit\" value=\"Enviar\" \/><\/div>\r\n\t\t\t<\/div>\r\n\t\t\t<div class=\"clearBoth\">&nbsp;<\/div>\r\n\r\n\t\t\t<div class=\"gwolle_gb_notice\">\r\n\t\t\t\tOs campos marcados com um * s\u00e3o obrigat\u00f3rios.\r\n\t\t\t<\/div><\/form><div id=\"gwolle_gb_entries\" class=\"\" data-book_id=\"1\"><!-- Gwolle-GB Entry: Default Template Loaded -->\r\n\t\t\t\t<div class=\"gb-entry gb-entry_20 gb-entry-count_1 gwolle_gb_uneven gwolle_gb_first\"><div class=\"gb-author-info\"><span class=\"gb-author-avatar\"><img alt='Karen' src='https:\/\/secure.gravatar.com\/avatar\/1c6ee31f2f3668b38f6b39bce7f0bab0?s=32&#038;d=identicon&#038;r=g' srcset='https:\/\/secure.gravatar.com\/avatar\/1c6ee31f2f3668b38f6b39bce7f0bab0?s=64&#038;d=identicon&#038;r=g 2x' class='avatar avatar-32 photo' height='32' width='32' \/><\/span><span class=\"gb-author-name\">Karen<\/span><span class=\"gb-author-origin\"> de Saint Sylvain d&#39;Anjou<\/span><span class=\"gb-datetime\">\n\t\t\t\t\t\t<span class=\"gb-date\"> escrito em 23 agosto 2016<\/span>:<\/span> <\/div><div class=\"gb-entry-content\">Sylvio et moi, nous vous souhaitons tous nos meilleurs voeux de bonheur pour votre mariage. Nous sommes ravis d&#39;accueillir V\u00e2nia dans la famille.<br \/>\r\nNous vous embrassons bien bien fort. <br \/>\r\nA bient\u00f4t en France.<\/div>\n\t\t\t<\/div>\n\t\t\t<div class=\"gb-entry gb-entry_19 gb-entry-count_2 gwolle_gb_even\"><div class=\"gb-author-info\"><span class=\"gb-author-avatar\"><img alt='jeanclaude et patricia' src='https:\/\/secure.gravatar.com\/avatar\/5cf4aadcf8f8bd8304cb76edfa81b60d?s=32&#038;d=identicon&#038;r=g' srcset='https:\/\/secure.gravatar.com\/avatar\/5cf4aadcf8f8bd8304cb76edfa81b60d?s=64&#038;d=identicon&#038;r=g 2x' class='avatar avatar-32 photo' height='32' width='32' \/><\/span><span class=\"gb-author-name\">jeanclaude et patricia<\/span><span class=\"gb-author-origin\"> de st sylvain<\/span><span class=\"gb-datetime\">\n\t\t\t\t\t\t<span class=\"gb-date\"> escrito em 24 julho 2016<\/span>:<\/span> <\/div><div class=\"gb-entry-content\">NOUS VOUS SOUHAITONS BEAUCOUP DE BONHEUR POUR VOTRE MARIAGE A TRES BIEN BIENTOT<\/div>\n\t\t\t<\/div>\n\t\t\t<div class=\"gb-entry gb-entry_18 gb-entry-count_3 gwolle_gb_uneven\"><div class=\"gb-author-info\"><span class=\"gb-author-avatar\"><img alt='Sarah Ch\u00e2telain' src='https:\/\/secure.gravatar.com\/avatar\/1c6ee31f2f3668b38f6b39bce7f0bab0?s=32&#038;d=identicon&#038;r=g' srcset='https:\/\/secure.gravatar.com\/avatar\/1c6ee31f2f3668b38f6b39bce7f0bab0?s=64&#038;d=identicon&#038;r=g 2x' class='avatar avatar-32 photo' height='32' width='32' \/><\/span><span class=\"gb-author-name\">Sarah Ch\u00e2telain<\/span><span class=\"gb-author-origin\"> de Saint Sylvain d&#39;Anjou<\/span><span class=\"gb-datetime\">\n\t\t\t\t\t\t<span class=\"gb-date\"> escrito em 15 julho 2016<\/span>:<\/span> <\/div><div class=\"gb-entry-content\">Ola les amoureux vraiment FELICITATIONS. Merci pour tout V\u00e2nia et Julien : la carte postale, mon cadeau d&#39;anniversaire, le tee-shirt et les photos...BIENVENUE \u00e0 ma nouvelle tata. BISOUS DE TOUT LE MONDE.<\/div>\n\t\t\t<\/div>\n\t\t\t<div class=\"gb-entry gb-entry_17 gb-entry-count_4 gwolle_gb_even\"><div class=\"gb-author-info\"><span class=\"gb-author-avatar\"><img alt='Chrystel' src='https:\/\/secure.gravatar.com\/avatar\/d222da7deebaa435005bc0695c034a51?s=32&#038;d=identicon&#038;r=g' srcset='https:\/\/secure.gravatar.com\/avatar\/d222da7deebaa435005bc0695c034a51?s=64&#038;d=identicon&#038;r=g 2x' class='avatar avatar-32 photo' height='32' width='32' \/><\/span><span class=\"gb-author-name\">Chrystel<\/span><span class=\"gb-author-origin\"> de La-bas<\/span><span class=\"gb-datetime\">\n\t\t\t\t\t\t<span class=\"gb-date\"> escrito em 14 julho 2016<\/span>:<\/span> <\/div><div class=\"gb-entry-content\">Congratulations on my. You are beautiful &#x1f308;.<br \/>\r\nI will wait on my little California Beach \u2600\ufe0f.<br \/>\r\nI&#39;m sending you big kisses.<\/div>\n\t\t\t<\/div>\n\t\t\t<div class=\"gb-entry gb-entry_16 gb-entry-count_5 gwolle_gb_uneven\"><div class=\"gb-author-info\"><span class=\"gb-author-avatar\"><img alt='AUFORT Magalie et S\u00e9bastien' src='https:\/\/secure.gravatar.com\/avatar\/54e98ad69cb7f6444cb9b398adc569ef?s=32&#038;d=identicon&#038;r=g' srcset='https:\/\/secure.gravatar.com\/avatar\/54e98ad69cb7f6444cb9b398adc569ef?s=64&#038;d=identicon&#038;r=g 2x' class='avatar avatar-32 photo' height='32' width='32' \/><\/span><span class=\"gb-author-name\">AUFORT Magalie et S\u00e9bastien<\/span><span class=\"gb-author-origin\"> de St CIRQ LAPOPIE<\/span><span class=\"gb-datetime\">\n\t\t\t\t\t\t<span class=\"gb-date\"> escrito em 14 julho 2016<\/span>:<\/span> <\/div><div class=\"gb-entry-content\">Tous nos voeux de bonheur pour votre mariage \u2764\u2764 et merci pour nous avoir fait partager toutes ces photos.<br \/>\r\nGros bisous \u00e0 vous 2&#x1f48b; et peut-\u00eatre \u00e0 bient\u00f4t dans le Lot ??<\/div>\n\t\t\t<\/div>\n\t\t\t<div class=\"gb-entry gb-entry_15 gb-entry-count_6 gwolle_gb_even\"><div class=\"gb-author-info\"><span class=\"gb-author-avatar\"><img alt='Val\u00e9ria Ap. Wolf Muecke' src='https:\/\/secure.gravatar.com\/avatar\/ac3333eb86ef68b57801448eead82d0f?s=32&#038;d=identicon&#038;r=g' srcset='https:\/\/secure.gravatar.com\/avatar\/ac3333eb86ef68b57801448eead82d0f?s=64&#038;d=identicon&#038;r=g 2x' class='avatar avatar-32 photo' height='32' width='32' \/><\/span><span class=\"gb-author-name\">Val\u00e9ria Ap. Wolf Muecke<\/span><span class=\"gb-author-origin\"> de Indaiatuba- Brasil<\/span><span class=\"gb-datetime\">\n\t\t\t\t\t\t<span class=\"gb-date\"> escrito em 14 julho 2016<\/span>:<\/span> <\/div><div class=\"gb-entry-content\">Os momentos marcantes devem ser registrados e guardados com muito carinho e amor. Adorei a ideia de voc\u00eas. As  fotos ficaram lindas. Parab\u00e9ns. Desejamos tudo de bom para os noivos nesta nova fase. Felicidades.<\/div>\n\t\t\t<\/div>\n\t\t\t<div class=\"gb-entry gb-entry_14 gb-entry-count_7 gwolle_gb_uneven\"><div class=\"gb-author-info\"><span class=\"gb-author-avatar\"><img alt='Celine Hogrel' src='https:\/\/secure.gravatar.com\/avatar\/704777ba3c7e5639fc7ec5297491ec6f?s=32&#038;d=identicon&#038;r=g' srcset='https:\/\/secure.gravatar.com\/avatar\/704777ba3c7e5639fc7ec5297491ec6f?s=64&#038;d=identicon&#038;r=g 2x' class='avatar avatar-32 photo' height='32' width='32' \/><\/span><span class=\"gb-author-name\">Celine Hogrel<\/span><span class=\"gb-author-origin\"> de St Barth\u00e9l\u00e9my d&#39;anjou<\/span><span class=\"gb-datetime\">\n\t\t\t\t\t\t<span class=\"gb-date\"> escrito em 13 julho 2016<\/span>:<\/span> <\/div><div class=\"gb-entry-content\">F\u00e9licitation \u00e0 vous deux pour cette belle histoire.... plein de bonheur et d&#39;amour et bien plus encore.... gros bisous \u00e0 bientot<\/div>\n\t\t\t<\/div>\n\t\t\t<div class=\"gb-entry gb-entry_13 gb-entry-count_8 gwolle_gb_even\"><div class=\"gb-author-info\"><span class=\"gb-author-avatar\"><img alt='Ch\u00e2telain Aur\u00e9lie et Ben' src='https:\/\/secure.gravatar.com\/avatar\/e2156da84cdf6bc373674639e8a19d7a?s=32&#038;d=identicon&#038;r=g' srcset='https:\/\/secure.gravatar.com\/avatar\/e2156da84cdf6bc373674639e8a19d7a?s=64&#038;d=identicon&#038;r=g 2x' class='avatar avatar-32 photo' height='32' width='32' \/><\/span><span class=\"gb-author-name\">Ch\u00e2telain Aur\u00e9lie et Ben<\/span><span class=\"gb-author-origin\"> de Corz\u00e9<\/span><span class=\"gb-datetime\">\n\t\t\t\t\t\t<span class=\"gb-date\"> escrito em 13 julho 2016<\/span>:<\/span> <\/div><div class=\"gb-entry-content\">Oups un p&#39;tit loup\u00e9 de ma part j&#39;ai \u00e9cris sur le message group\u00e9 lol !! Vraiment g\u00e9nial !! Moi qui adore lire j ai eu l impression de me retrouver dans un de mes romans favoris ... Alors quoi dire de plus \u00e0 part \" F\u00e9licitations \" votre histoire est touchante nous vous souhaitons une longue route \u00e0 2 &#x1f609;    en esp\u00e9rant vous voir bient\u00f4t gros bisous et V\u00e2nia bienvenue dans la famille &#x1f609;&#x1f618;<\/div>\n\t\t\t<\/div>\n\t\t\t<div class=\"gb-entry gb-entry_12 gb-entry-count_9 gwolle_gb_uneven\"><div class=\"gb-author-info\"><span class=\"gb-author-avatar\"><img alt='William Patrick et Martine' src='https:\/\/secure.gravatar.com\/avatar\/3a5f4f8636bc5237c0fdf9bd2ee29323?s=32&#038;d=identicon&#038;r=g' srcset='https:\/\/secure.gravatar.com\/avatar\/3a5f4f8636bc5237c0fdf9bd2ee29323?s=64&#038;d=identicon&#038;r=g 2x' class='avatar avatar-32 photo' height='32' width='32' \/><\/span><span class=\"gb-author-name\">William Patrick et Martine<\/span><span class=\"gb-author-origin\"> de ST SYLVAIN D ANJOU<\/span><span class=\"gb-datetime\">\n\t\t\t\t\t\t<span class=\"gb-date\"> escrito em 13 julho 2016<\/span>:<\/span> <\/div><div class=\"gb-entry-content\">Tous nos v\u0153ux de bonheur \u00e0 tous les deux et merci encore pour ces moments de partage qui nous ont fait voyager et qui nous r\u00e9chauffent le c\u0153ur. Nous vous souhaitons plein de bonnes choses sur votre route qu&#39;elle vous m\u00e8ne \u00e0 l&#39;\u00e9tranger ou partout ailleurs...gros bisous de l&#39;Anjou \u00e0 vous \ud83d\ude09 et \u00e0 bient\u00f4t pour partager une bonne bouteille de C\u00f4teaux du Layon r\u00e9serv\u00e9e au frais !!<\/div>\n\t\t\t<\/div>\n\t\t\t<div class=\"gb-entry gb-entry_11 gb-entry-count_10 gwolle_gb_even\"><div class=\"gb-author-info\"><span class=\"gb-author-avatar\"><img alt='Aur\u00e9lie B\u00e9guin' src='https:\/\/secure.gravatar.com\/avatar\/676f4c99729142c614fbaa8528e6684f?s=32&#038;d=identicon&#038;r=g' srcset='https:\/\/secure.gravatar.com\/avatar\/676f4c99729142c614fbaa8528e6684f?s=64&#038;d=identicon&#038;r=g 2x' class='avatar avatar-32 photo' height='32' width='32' \/><\/span><span class=\"gb-author-name\">Aur\u00e9lie B\u00e9guin<\/span><span class=\"gb-author-origin\"> de Angers<\/span><span class=\"gb-datetime\">\n\t\t\t\t\t\t<span class=\"gb-date\"> escrito em 13 julho 2016<\/span>:<\/span> <\/div><div class=\"gb-entry-content\">(Suite)<br \/>\r\nVotre histoire... digne d&#39;un roman !<br \/>\r\nVous m&#39;avez fait vibrer. Ma gorge s&#39;est serr\u00e9e au premier baiser et les larmes ont coul\u00e9es quand V\u00e2nia a pris la d\u00e9cision de tout quitter pour venir te rejoindre Julien.<br \/>\r\nC&#39;est beau !<br \/>\r\nJe vous souhaite encore plein de bonheur, des enfants et... a  priori un chien &#x1f60a;<br \/>\r\nDe gros bisous \u00e0 tous les 2<br \/>\r\nEt \u00e0 bient\u00f4t, en France pour le voyage de noces ?<br \/>\r\nAur\u00e9lie<\/div>\n\t\t\t<\/div>\n\t\t\t<div class=\"gb-entry gb-entry_10 gb-entry-count_11 gwolle_gb_uneven\"><div class=\"gb-author-info\"><span class=\"gb-author-avatar\"><img alt='Aur\u00e9lie B\u00e9guin' src='https:\/\/secure.gravatar.com\/avatar\/676f4c99729142c614fbaa8528e6684f?s=32&#038;d=identicon&#038;r=g' srcset='https:\/\/secure.gravatar.com\/avatar\/676f4c99729142c614fbaa8528e6684f?s=64&#038;d=identicon&#038;r=g 2x' class='avatar avatar-32 photo' height='32' width='32' \/><\/span><span class=\"gb-author-name\">Aur\u00e9lie B\u00e9guin<\/span><span class=\"gb-author-origin\"> de Angers<\/span><span class=\"gb-datetime\">\n\t\t\t\t\t\t<span class=\"gb-date\"> escrito em 13 julho 2016<\/span>:<\/span> <\/div><div class=\"gb-entry-content\">&#x1f3b6;Vive Vive Les mari\u00e9s&#x1f3b6;<br \/>\r\nVous formez un tr\u00e8s beau couple o\u00f9 amour et complicit\u00e9 se lisent sur les photos.<br \/>\r\nJ&#39;ai appr\u00e9ci\u00e9 rencontrer V\u00e2nia quand vous \u00e9tiez en France.<br \/>\r\nTr\u00e8s joli blog ! Jolies photos avec un th\u00e8me sublime  !<\/div>\n\t\t\t<\/div>\n\t\t\t<div class=\"gb-entry gb-entry_9 gb-entry-count_12 gwolle_gb_even\"><div class=\"gb-author-info\"><span class=\"gb-author-avatar\"><img alt='Fabien Chatelain' src='https:\/\/secure.gravatar.com\/avatar\/d2e067b73341bea367737fb0ebda5676?s=32&#038;d=identicon&#038;r=g' srcset='https:\/\/secure.gravatar.com\/avatar\/d2e067b73341bea367737fb0ebda5676?s=64&#038;d=identicon&#038;r=g 2x' class='avatar avatar-32 photo' height='32' width='32' \/><\/span><span class=\"gb-author-name\">Fabien Chatelain<\/span><span class=\"gb-author-origin\"> de st sylvain d anjou<\/span><span class=\"gb-datetime\">\n\t\t\t\t\t\t<span class=\"gb-date\"> escrito em 13 julho 2016<\/span>:<\/span> <\/div><div class=\"gb-entry-content\">F\u00e9licitations les amoureux \u2661\u2661\u2661nous vous souhaitons plein de bonheur a vous . Au passage tres beau site , tres bien fait et tres belle photos . A bientot gros  bisous<\/div>\n\t\t\t<\/div>\n\t\t\t<\/div><\/div><\/p>","protected":false},"excerpt":{"rendered":"<p>Voc\u00ea gostaria de deixar uma mensagem para n\u00f3s ? Clique no bot\u00e3o abaixo para escrever.<\/p>\n","protected":false},"author":1,"featured_media":0,"parent":0,"menu_order":0,"comment_status":"closed","ping_status":"closed","template":"page-fullwidth.php","meta":{"footnotes":""},"class_list":["post-12","page","type-page","status-publish","hentry"],"_links":{"self":[{"href":"https:\/\/www.vaniaetjulien.com\/pb\/wp-json\/wp\/v2\/pages\/12","targetHints":{"allow":["GET"]}}],"collection":[{"href":"https:\/\/www.vaniaetjulien.com\/pb\/wp-json\/wp\/v2\/pages"}],"about":[{"href":"https:\/\/www.vaniaetjulien.com\/pb\/wp-json\/wp\/v2\/types\/page"}],"author":[{"embeddable":true,"href":"https:\/\/www.vaniaetjulien.com\/pb\/wp-json\/wp\/v2\/users\/1"}],"replies":[{"embeddable":true,"href":"https:\/\/www.vaniaetjulien.com\/pb\/wp-json\/wp\/v2\/comments?post=12"}],"version-history":[{"count":1,"href":"https:\/\/www.vaniaetjulien.com\/pb\/wp-json\/wp\/v2\/pages\/12\/revisions"}],"predecessor-version":[{"id":13,"href":"https:\/\/www.vaniaetjulien.com\/pb\/wp-json\/wp\/v2\/pages\/12\/revisions\/13"}],"wp:attachment":[{"href":"https:\/\/www.vaniaetjulien.com\/pb\/wp-json\/wp\/v2\/media?parent=12"}],"curies":[{"name":"wp","href":"https:\/\/api.w.org\/{rel}","templated":true}]}}